{"id":60,"date":"2020-10-08T13:58:00","date_gmt":"2020-10-08T13:58:00","guid":{"rendered":"https:\/\/skichaletresidences.com\/?page_id=60"},"modified":"2023-11-21T15:17:51","modified_gmt":"2023-11-21T15:17:51","slug":"blog-news-ski-chalet-andorra","status":"publish","type":"page","link":"https:\/\/skichaletandorra.com\/ca\/blog-news-ski-chalet-andorra\/","title":{"rendered":"Blog"},"content":{"rendered":"\t\t<div data-elementor-type=\"wp-page\" data-elementor-id=\"60\" class=\"elementor elementor-60\" data-elementor-post-type=\"page\">\n\t\t\t\t\t\t<section class=\"elementor-section elementor-top-section elementor-element elementor-element-61cafc1f elementor-section-height-min-height elementor-section-content-middle elementor-section-boxed elementor-section-height-default elementor-section-items-middle\" data-id=\"61cafc1f\" data-element_type=\"section\" data-e-type=\"section\" id=\"linksection\" data-settings=\"{&quot;background_background&quot;:&quot;classic&quot;}\">\n\t\t\t\t\t\t\t<div class=\"elementor-background-overlay\"><\/div>\n\t\t\t\t\t\t\t<div class=\"elementor-container elementor-column-gap-default\">\n\t\t\t\t\t<div class=\"elementor-column elementor-col-50 elementor-top-column elementor-element elementor-element-ff49129\" data-id=\"ff49129\" data-element_type=\"column\" data-e-type=\"column\">\n\t\t\t<div class=\"elementor-widget-wrap elementor-element-populated\">\n\t\t\t\t\t\t<div class=\"elementor-element elementor-element-2aba692 elementor-shape-circle elementor-grid-1 elementor-hidden-phone e-grid-align-center elementor-widget elementor-widget-social-icons\" data-id=\"2aba692\" data-element_type=\"widget\" data-e-type=\"widget\" data-widget_type=\"social-icons.default\">\n\t\t\t\t<div class=\"elementor-widget-container\">\n\t\t\t\t\t\t\t<div class=\"elementor-social-icons-wrapper elementor-grid\" role=\"list\">\n\t\t\t\t\t\t\t<span class=\"elementor-grid-item\" role=\"listitem\">\n\t\t\t\t\t<a class=\"elementor-icon elementor-social-icon elementor-social-icon-facebook elementor-animation-grow elementor-repeater-item-dc314a8\" href=\"https:\/\/www.facebook.com\/skichaletandorra\" target=\"_blank\">\n\t\t\t\t\t\t<span class=\"elementor-screen-only\">Facebook<\/span>\n\t\t\t\t\t\t<i aria-hidden=\"true\" class=\"fab fa-facebook\"><\/i>\t\t\t\t\t<\/a>\n\t\t\t\t<\/span>\n\t\t\t\t\t\t\t<span class=\"elementor-grid-item\" role=\"listitem\">\n\t\t\t\t\t<a class=\"elementor-icon elementor-social-icon elementor-social-icon-instagram elementor-animation-grow elementor-repeater-item-45d9b9c\" href=\"https:\/\/www.instagram.com\/skichaletandorra\/?hl=en\" target=\"_blank\">\n\t\t\t\t\t\t<span class=\"elementor-screen-only\">Instagram<\/span>\n\t\t\t\t\t\t<i aria-hidden=\"true\" class=\"fab fa-instagram\"><\/i>\t\t\t\t\t<\/a>\n\t\t\t\t<\/span>\n\t\t\t\t\t\t\t<span class=\"elementor-grid-item\" role=\"listitem\">\n\t\t\t\t\t<a class=\"elementor-icon elementor-social-icon elementor-social-icon-tripadvisor elementor-animation-grow elementor-repeater-item-887c6c2\" href=\"https:\/\/www.tripadvisor.com\/RentalPropertyManager-a_manager.1414786\" target=\"_blank\">\n\t\t\t\t\t\t<span class=\"elementor-screen-only\">Tripadvisor<\/span>\n\t\t\t\t\t\t<i aria-hidden=\"true\" class=\"fab fa-tripadvisor\"><\/i>\t\t\t\t\t<\/a>\n\t\t\t\t<\/span>\n\t\t\t\t\t<\/div>\n\t\t\t\t\t\t<\/div>\n\t\t\t\t<\/div>\n\t\t\t\t\t<\/div>\n\t\t<\/div>\n\t\t\t\t<div class=\"elementor-column elementor-col-50 elementor-top-column elementor-element elementor-element-656e61a5\" data-id=\"656e61a5\" data-element_type=\"column\" data-e-type=\"column\">\n\t\t\t<div class=\"elementor-widget-wrap elementor-element-populated\">\n\t\t\t\t\t\t<div class=\"elementor-element elementor-element-14a58a41 elementor-widget elementor-widget-heading\" data-id=\"14a58a41\" data-element_type=\"widget\" data-e-type=\"widget\" data-widget_type=\"heading.default\">\n\t\t\t\t<div class=\"elementor-widget-container\">\n\t\t\t\t\t<h2 class=\"elementor-heading-title elementor-size-default\">News from ski chalet andorra<\/h2>\t\t\t\t<\/div>\n\t\t\t\t<\/div>\n\t\t\t\t\t<\/div>\n\t\t<\/div>\n\t\t\t\t\t<\/div>\n\t\t<\/section>\n\t\t\t\t<section class=\"elementor-section elementor-top-section elementor-element elementor-element-2c9581d elementor-section-boxed elementor-section-height-default elementor-section-height-default\" data-id=\"2c9581d\" data-element_type=\"section\" data-e-type=\"section\">\n\t\t\t\t\t\t<div class=\"elementor-container elementor-column-gap-default\">\n\t\t\t\t\t<div class=\"elementor-column elementor-col-100 elementor-top-column elementor-element elementor-element-be71225\" data-id=\"be71225\" data-element_type=\"column\" data-e-type=\"column\">\n\t\t\t<div class=\"elementor-widget-wrap elementor-element-populated\">\n\t\t\t\t\t\t<div class=\"elementor-element elementor-element-4d9acfb elementor-grid-3 elementor-grid-tablet-2 elementor-grid-mobile-1 elementor-posts--thumbnail-top elementor-posts--show-avatar elementor-card-shadow-yes elementor-posts__hover-gradient elementor-invisible elementor-widget elementor-widget-posts\" data-id=\"4d9acfb\" data-element_type=\"widget\" data-e-type=\"widget\" data-settings=\"{&quot;_animation&quot;:&quot;fadeIn&quot;,&quot;cards_columns&quot;:&quot;3&quot;,&quot;cards_columns_tablet&quot;:&quot;2&quot;,&quot;cards_columns_mobile&quot;:&quot;1&quot;,&quot;cards_row_gap&quot;:{&quot;unit&quot;:&quot;px&quot;,&quot;size&quot;:35,&quot;sizes&quot;:[]},&quot;cards_row_gap_tablet&quot;:{&quot;unit&quot;:&quot;px&quot;,&quot;size&quot;:&quot;&quot;,&quot;sizes&quot;:[]},&quot;cards_row_gap_mobile&quot;:{&quot;unit&quot;:&quot;px&quot;,&quot;size&quot;:&quot;&quot;,&quot;sizes&quot;:[]}}\" data-widget_type=\"posts.cards\">\n\t\t\t\t<div class=\"elementor-widget-container\">\n\t\t\t\t\t\t\t<div class=\"elementor-posts-container elementor-posts elementor-posts--skin-cards elementor-grid\" role=\"list\">\n\t\t\t\t<article class=\"elementor-post elementor-grid-item post-2267 post type-post status-publish format-standard hentry category-uncategorized\" role=\"listitem\">\n\t\t\t<div class=\"elementor-post__card\">\n\t\t\t\t<div class=\"elementor-post__text\">\n\t\t\t\t<h4 class=\"elementor-post__title\">\n\t\t\t<a href=\"https:\/\/skichaletandorra.com\/ca\/our-covid-19-prevention-measures\/\" >\n\t\t\t\tOur COVID-19 Prevention Measures\t\t\t<\/a>\n\t\t<\/h4>\n\t\t\n\t\t<a class=\"elementor-post__read-more\" href=\"https:\/\/skichaletandorra.com\/ca\/our-covid-19-prevention-measures\/\" aria-label=\"Read more about Our COVID-19 Prevention Measures\" tabindex=\"-1\" >\n\t\t\tRead More \u00bb\t\t<\/a>\n\n\t\t\t\t<\/div>\n\t\t\t\t<div class=\"elementor-post__meta-data\">\n\t\t\t\t\t<span class=\"elementor-post-date\">\n\t\t\tnovembre 20, 2020\t\t<\/span>\n\t\t\t\t<span class=\"elementor-post-avatar\">\n\t\t\tNo hi ha comentaris\t\t<\/span>\n\t\t\t\t<\/div>\n\t\t\t\t\t<\/div>\n\t\t<\/article>\n\t\t\t\t<article class=\"elementor-post elementor-grid-item post-315 post type-post status-publish format-standard hentry category-uncategorized\" role=\"listitem\">\n\t\t\t<div class=\"elementor-post__card\">\n\t\t\t\t<div class=\"elementor-post__text\">\n\t\t\t\t<h4 class=\"elementor-post__title\">\n\t\t\t<a href=\"https:\/\/skichaletandorra.com\/ca\/snowing-hard-in-soldeu-after-a-sunny-february\/\" >\n\t\t\t\tSnowing hard in Soldeu after a sunny February\t\t\t<\/a>\n\t\t<\/h4>\n\t\t\n\t\t<a class=\"elementor-post__read-more\" href=\"https:\/\/skichaletandorra.com\/ca\/snowing-hard-in-soldeu-after-a-sunny-february\/\" aria-label=\"Read more about Snowing hard in Soldeu after a sunny February\" tabindex=\"-1\" >\n\t\t\tRead More \u00bb\t\t<\/a>\n\n\t\t\t\t<\/div>\n\t\t\t\t<div class=\"elementor-post__meta-data\">\n\t\t\t\t\t<span class=\"elementor-post-date\">\n\t\t\tsetembre 24, 2020\t\t<\/span>\n\t\t\t\t<span class=\"elementor-post-avatar\">\n\t\t\tNo hi ha comentaris\t\t<\/span>\n\t\t\t\t<\/div>\n\t\t\t\t\t<\/div>\n\t\t<\/article>\n\t\t\t\t<article class=\"elementor-post elementor-grid-item post-307 post type-post status-publish format-standard hentry category-uncategorized\" role=\"listitem\">\n\t\t\t<div class=\"elementor-post__card\">\n\t\t\t\t<div class=\"elementor-post__text\">\n\t\t\t\t<h4 class=\"elementor-post__title\">\n\t\t\t<a href=\"https:\/\/skichaletandorra.com\/ca\/spend-your-christmas-at-ski-chalet-andorra\/\" >\n\t\t\t\tSpend your Christmas at Ski Chalet Andorra\t\t\t<\/a>\n\t\t<\/h4>\n\t\t\n\t\t<a class=\"elementor-post__read-more\" href=\"https:\/\/skichaletandorra.com\/ca\/spend-your-christmas-at-ski-chalet-andorra\/\" aria-label=\"Read more about Spend your Christmas at Ski Chalet Andorra\" tabindex=\"-1\" >\n\t\t\tRead More \u00bb\t\t<\/a>\n\n\t\t\t\t<\/div>\n\t\t\t\t<div class=\"elementor-post__meta-data\">\n\t\t\t\t\t<span class=\"elementor-post-date\">\n\t\t\tsetembre 24, 2020\t\t<\/span>\n\t\t\t\t<span class=\"elementor-post-avatar\">\n\t\t\tNo hi ha comentaris\t\t<\/span>\n\t\t\t\t<\/div>\n\t\t\t\t\t<\/div>\n\t\t<\/article>\n\t\t\t\t<\/div>\n\t\t\n\t\t\t\t\t\t<\/div>\n\t\t\t\t<\/div>\n\t\t\t\t\t<\/div>\n\t\t<\/div>\n\t\t\t\t\t<\/div>\n\t\t<\/section>\n\t\t\t\t<section class=\"elementor-section elementor-top-section elementor-element elementor-element-673b3ab elementor-section-boxed elementor-section-height-default elementor-section-height-default\" data-id=\"673b3ab\" data-element_type=\"section\" data-e-type=\"section\">\n\t\t\t\t\t\t<div class=\"elementor-container elementor-column-gap-default\">\n\t\t\t\t\t<div class=\"elementor-column elementor-col-100 elementor-top-column elementor-element elementor-element-9f78e3e\" data-id=\"9f78e3e\" data-element_type=\"column\" data-e-type=\"column\">\n\t\t\t<div class=\"elementor-widget-wrap\">\n\t\t\t\t\t\t\t<\/div>\n\t\t<\/div>\n\t\t\t\t\t<\/div>\n\t\t<\/section>\n\t\t\t\t<section class=\"elementor-section elementor-top-section elementor-element elementor-element-dc49249 elementor-section-boxed elementor-section-height-default elementor-section-height-default\" data-id=\"dc49249\" data-element_type=\"section\" data-e-type=\"section\">\n\t\t\t\t\t\t<div class=\"elementor-container elementor-column-gap-default\">\n\t\t\t\t\t<div class=\"elementor-column elementor-col-100 elementor-top-column elementor-element elementor-element-537ec0f\" data-id=\"537ec0f\" data-element_type=\"column\" data-e-type=\"column\">\n\t\t\t<div class=\"elementor-widget-wrap elementor-element-populated\">\n\t\t\t\t\t\t<div class=\"elementor-element elementor-element-9a0d22e elementor-align-center elementor-widget__width-auto elementor-widget-tablet__width-auto elementor-fixed elementor-hidden-phone elementor-widget elementor-widget-button\" data-id=\"9a0d22e\" data-element_type=\"widget\" data-e-type=\"widget\" id=\"linksection\" data-settings=\"{&quot;sticky&quot;:&quot;bottom&quot;,&quot;sticky_on&quot;:[&quot;desktop&quot;,&quot;tablet&quot;],&quot;_position&quot;:&quot;fixed&quot;,&quot;sticky_offset&quot;:0,&quot;sticky_effects_offset&quot;:0,&quot;sticky_anchor_link_offset&quot;:0}\" data-widget_type=\"button.default\">\n\t\t\t\t<div class=\"elementor-widget-container\">\n\t\t\t\t\t\t\t\t\t<div class=\"elementor-button-wrapper\">\n\t\t\t\t\t<a class=\"elementor-button elementor-button-link elementor-size-md elementor-animation-grow\" href=\"#linksection\">\n\t\t\t\t\t\t<span class=\"elementor-button-content-wrapper\">\n\t\t\t\t\t\t<span class=\"elementor-button-icon\">\n\t\t\t\t<i aria-hidden=\"true\" class=\"fas fa-arrow-up\"><\/i>\t\t\t<\/span>\n\t\t\t\t\t\t\t\t<\/span>\n\t\t\t\t\t<\/a>\n\t\t\t\t<\/div>\n\t\t\t\t\t\t\t\t<\/div>\n\t\t\t\t<\/div>\n\t\t\t\t\t<\/div>\n\t\t<\/div>\n\t\t\t\t\t<\/div>\n\t\t<\/section>\n\t\t\t\t<section class=\"elementor-section elementor-top-section elementor-element elementor-element-f21a956 elementor-section-boxed elementor-section-height-default elementor-section-height-default\" data-id=\"f21a956\" data-element_type=\"section\" data-e-type=\"section\">\n\t\t\t\t\t\t<div class=\"elementor-container elementor-column-gap-default\">\n\t\t\t\t\t<div class=\"elementor-column elementor-col-100 elementor-top-column elementor-element elementor-element-38e0775\" data-id=\"38e0775\" data-element_type=\"column\" data-e-type=\"column\">\n\t\t\t<div class=\"elementor-widget-wrap elementor-element-populated\">\n\t\t\t\t\t\t<div class=\"elementor-element elementor-element-7e2deb3 elementor-align-right elementor-widget__width-auto elementor-widget-tablet__width-auto elementor-fixed elementor-widget elementor-widget-button\" data-id=\"7e2deb3\" data-element_type=\"widget\" data-e-type=\"widget\" id=\"linksection\" data-settings=\"{&quot;sticky&quot;:&quot;bottom&quot;,&quot;sticky_on&quot;:[&quot;desktop&quot;,&quot;tablet&quot;],&quot;_position&quot;:&quot;fixed&quot;,&quot;sticky_offset&quot;:0,&quot;sticky_effects_offset&quot;:0,&quot;sticky_anchor_link_offset&quot;:0}\" data-widget_type=\"button.default\">\n\t\t\t\t<div class=\"elementor-widget-container\">\n\t\t\t\t\t\t\t\t\t<div class=\"elementor-button-wrapper\">\n\t\t\t\t\t<a class=\"elementor-button elementor-button-link elementor-size-md elementor-animation-grow\" href=\"#linksection\">\n\t\t\t\t\t\t<span class=\"elementor-button-content-wrapper\">\n\t\t\t\t\t\t<span class=\"elementor-button-icon\">\n\t\t\t\t<i aria-hidden=\"true\" class=\"fas fa-arrow-up\"><\/i>\t\t\t<\/span>\n\t\t\t\t\t\t\t\t<\/span>\n\t\t\t\t\t<\/a>\n\t\t\t\t<\/div>\n\t\t\t\t\t\t\t\t<\/div>\n\t\t\t\t<\/div>\n\t\t\t\t\t<\/div>\n\t\t<\/div>\n\t\t\t\t\t<\/div>\n\t\t<\/section>\n\t\t\t\t<\/div>\n\t\t","protected":false},"excerpt":{"rendered":"<p>Facebook Instagram Tripadvisor Not\u00edcies del xalet d&#039;esqu\u00ed a Andorra<\/p>","protected":false},"author":1,"featured_media":0,"parent":0,"menu_order":0,"comment_status":"closed","ping_status":"closed","template":"elementor_header_footer","meta":{"footnotes":""},"class_list":["post-60","page","type-page","status-publish","hentry"],"yoast_head":"<!-- This site is optimized with the Yoast SEO plugin v27.3 - https:\/\/yoast.com\/product\/yoast-seo-wordpress\/ -->\n<title>Blog - Ski Chalet Andorra<\/title>\n<meta name=\"description\" content=\"Find out our latest news at Ski Chalet Andorra and keep updated on the most recent regulations and restrictions in our local area.\" \/>\n<meta name=\"robots\" content=\"index, follow, max-snippet:-1, max-image-preview:large, max-video-preview:-1\" \/>\n<link rel=\"canonical\" href=\"https:\/\/skichaletandorra.com\/ca\/blog-news-ski-chalet-andorra\/\" \/>\n<meta property=\"og:locale\" content=\"ca_ES\" \/>\n<meta property=\"og:type\" content=\"article\" \/>\n<meta property=\"og:title\" content=\"Blog - Ski Chalet Andorra\" \/>\n<meta property=\"og:description\" content=\"Find out our latest news at Ski Chalet Andorra and keep updated on the most recent regulations and restrictions in our local area.\" \/>\n<meta property=\"og:url\" content=\"https:\/\/skichaletandorra.com\/ca\/blog-news-ski-chalet-andorra\/\" \/>\n<meta property=\"og:site_name\" content=\"Ski Chalet Andorra\" \/>\n<meta property=\"article:modified_time\" content=\"2023-11-21T15:17:51+00:00\" \/>\n<meta property=\"og:image\" content=\"https:\/\/skichaletandorra.com\/wp-content\/uploads\/2020\/12\/View-Grandvalira-El-Tarter-scaled.jpg\" \/>\n\t<meta property=\"og:image:width\" content=\"2560\" \/>\n\t<meta property=\"og:image:height\" content=\"1920\" \/>\n\t<meta property=\"og:image:type\" content=\"image\/jpeg\" \/>\n<meta name=\"twitter:card\" content=\"summary_large_image\" \/>\n<meta name=\"twitter:label1\" content=\"Temps estimat de lectura\" \/>\n\t<meta name=\"twitter:data1\" content=\"3 minuts\" \/>\n<script type=\"application\/ld+json\" class=\"yoast-schema-graph\">{\"@context\":\"https:\\\/\\\/schema.org\",\"@graph\":[{\"@type\":\"WebPage\",\"@id\":\"https:\\\/\\\/skichaletandorra.com\\\/blog-news-ski-chalet-andorra\\\/\",\"url\":\"https:\\\/\\\/skichaletandorra.com\\\/blog-news-ski-chalet-andorra\\\/\",\"name\":\"Blog - Ski Chalet Andorra\",\"isPartOf\":{\"@id\":\"https:\\\/\\\/skichaletandorra.com\\\/#website\"},\"datePublished\":\"2020-10-08T13:58:00+00:00\",\"dateModified\":\"2023-11-21T15:17:51+00:00\",\"description\":\"Find out our latest news at Ski Chalet Andorra and keep updated on the most recent regulations and restrictions in our local area.\",\"breadcrumb\":{\"@id\":\"https:\\\/\\\/skichaletandorra.com\\\/blog-news-ski-chalet-andorra\\\/#breadcrumb\"},\"inLanguage\":\"ca\",\"potentialAction\":[{\"@type\":\"ReadAction\",\"target\":[\"https:\\\/\\\/skichaletandorra.com\\\/blog-news-ski-chalet-andorra\\\/\"]}]},{\"@type\":\"BreadcrumbList\",\"@id\":\"https:\\\/\\\/skichaletandorra.com\\\/blog-news-ski-chalet-andorra\\\/#breadcrumb\",\"itemListElement\":[{\"@type\":\"ListItem\",\"position\":1,\"name\":\"Home\",\"item\":\"https:\\\/\\\/skichaletandorra.com\\\/\"},{\"@type\":\"ListItem\",\"position\":2,\"name\":\"Blog\"}]},{\"@type\":\"WebSite\",\"@id\":\"https:\\\/\\\/skichaletandorra.com\\\/#website\",\"url\":\"https:\\\/\\\/skichaletandorra.com\\\/\",\"name\":\"Ski Chalet Andorra\",\"description\":\"\",\"publisher\":{\"@id\":\"https:\\\/\\\/skichaletandorra.com\\\/#organization\"},\"potentialAction\":[{\"@type\":\"SearchAction\",\"target\":{\"@type\":\"EntryPoint\",\"urlTemplate\":\"https:\\\/\\\/skichaletandorra.com\\\/?s={search_term_string}\"},\"query-input\":{\"@type\":\"PropertyValueSpecification\",\"valueRequired\":true,\"valueName\":\"search_term_string\"}}],\"inLanguage\":\"ca\"},{\"@type\":\"Organization\",\"@id\":\"https:\\\/\\\/skichaletandorra.com\\\/#organization\",\"name\":\"Ski Chalet Andorra\",\"url\":\"https:\\\/\\\/skichaletandorra.com\\\/\",\"logo\":{\"@type\":\"ImageObject\",\"inLanguage\":\"ca\",\"@id\":\"https:\\\/\\\/skichaletandorra.com\\\/#\\\/schema\\\/logo\\\/image\\\/\",\"url\":\"https:\\\/\\\/skichaletandorra.com\\\/wp-content\\\/uploads\\\/2024\\\/06\\\/Screenshot-74.png\",\"contentUrl\":\"https:\\\/\\\/skichaletandorra.com\\\/wp-content\\\/uploads\\\/2024\\\/06\\\/Screenshot-74.png\",\"width\":745,\"height\":697,\"caption\":\"Ski Chalet Andorra\"},\"image\":{\"@id\":\"https:\\\/\\\/skichaletandorra.com\\\/#\\\/schema\\\/logo\\\/image\\\/\"}}]}<\/script>\n<!-- \/ Yoast SEO plugin. -->","yoast_head_json":{"title":"Blog - Xalet d&#039;esqu\u00ed Andorra","description":"Descobreix les nostres darreres not\u00edcies a Ski Chalet Andorra i mant\u00e9n-te al dia de les normatives i restriccions m\u00e9s recents a la nostra zona.","robots":{"index":"index","follow":"follow","max-snippet":"max-snippet:-1","max-image-preview":"max-image-preview:large","max-video-preview":"max-video-preview:-1"},"canonical":"https:\/\/skichaletandorra.com\/ca\/blog-news-ski-chalet-andorra\/","og_locale":"ca_ES","og_type":"article","og_title":"Blog - Ski Chalet Andorra","og_description":"Find out our latest news at Ski Chalet Andorra and keep updated on the most recent regulations and restrictions in our local area.","og_url":"https:\/\/skichaletandorra.com\/ca\/blog-news-ski-chalet-andorra\/","og_site_name":"Ski Chalet Andorra","article_modified_time":"2023-11-21T15:17:51+00:00","og_image":[{"width":2560,"height":1920,"url":"https:\/\/skichaletandorra.com\/wp-content\/uploads\/2020\/12\/View-Grandvalira-El-Tarter-scaled.jpg","type":"image\/jpeg"}],"twitter_card":"summary_large_image","twitter_misc":{"Temps estimat de lectura":"3 minuts"},"schema":{"@context":"https:\/\/schema.org","@graph":[{"@type":"WebPage","@id":"https:\/\/skichaletandorra.com\/blog-news-ski-chalet-andorra\/","url":"https:\/\/skichaletandorra.com\/blog-news-ski-chalet-andorra\/","name":"Blog - Xalet d&#039;esqu\u00ed Andorra","isPartOf":{"@id":"https:\/\/skichaletandorra.com\/#website"},"datePublished":"2020-10-08T13:58:00+00:00","dateModified":"2023-11-21T15:17:51+00:00","description":"Descobreix les nostres darreres not\u00edcies a Ski Chalet Andorra i mant\u00e9n-te al dia de les normatives i restriccions m\u00e9s recents a la nostra zona.","breadcrumb":{"@id":"https:\/\/skichaletandorra.com\/blog-news-ski-chalet-andorra\/#breadcrumb"},"inLanguage":"ca","potentialAction":[{"@type":"ReadAction","target":["https:\/\/skichaletandorra.com\/blog-news-ski-chalet-andorra\/"]}]},{"@type":"BreadcrumbList","@id":"https:\/\/skichaletandorra.com\/blog-news-ski-chalet-andorra\/#breadcrumb","itemListElement":[{"@type":"ListItem","position":1,"name":"Home","item":"https:\/\/skichaletandorra.com\/"},{"@type":"ListItem","position":2,"name":"Blog"}]},{"@type":"WebSite","@id":"https:\/\/skichaletandorra.com\/#website","url":"https:\/\/skichaletandorra.com\/","name":"Ski Chalet Andorra","description":"","publisher":{"@id":"https:\/\/skichaletandorra.com\/#organization"},"potentialAction":[{"@type":"SearchAction","target":{"@type":"EntryPoint","urlTemplate":"https:\/\/skichaletandorra.com\/?s={search_term_string}"},"query-input":{"@type":"PropertyValueSpecification","valueRequired":true,"valueName":"search_term_string"}}],"inLanguage":"ca"},{"@type":"Organization","@id":"https:\/\/skichaletandorra.com\/#organization","name":"Ski Chalet Andorra","url":"https:\/\/skichaletandorra.com\/","logo":{"@type":"ImageObject","inLanguage":"ca","@id":"https:\/\/skichaletandorra.com\/#\/schema\/logo\/image\/","url":"https:\/\/skichaletandorra.com\/wp-content\/uploads\/2024\/06\/Screenshot-74.png","contentUrl":"https:\/\/skichaletandorra.com\/wp-content\/uploads\/2024\/06\/Screenshot-74.png","width":745,"height":697,"caption":"Ski Chalet Andorra"},"image":{"@id":"https:\/\/skichaletandorra.com\/#\/schema\/logo\/image\/"}}]}},"_links":{"self":[{"href":"https:\/\/skichaletandorra.com\/ca\/wp-json\/wp\/v2\/pages\/60","targetHints":{"allow":["GET"]}}],"collection":[{"href":"https:\/\/skichaletandorra.com\/ca\/wp-json\/wp\/v2\/pages"}],"about":[{"href":"https:\/\/skichaletandorra.com\/ca\/wp-json\/wp\/v2\/types\/page"}],"author":[{"embeddable":true,"href":"https:\/\/skichaletandorra.com\/ca\/wp-json\/wp\/v2\/users\/1"}],"replies":[{"embeddable":true,"href":"https:\/\/skichaletandorra.com\/ca\/wp-json\/wp\/v2\/comments?post=60"}],"version-history":[{"count":0,"href":"https:\/\/skichaletandorra.com\/ca\/wp-json\/wp\/v2\/pages\/60\/revisions"}],"wp:attachment":[{"href":"https:\/\/skichaletandorra.com\/ca\/wp-json\/wp\/v2\/media?parent=60"}],"curies":[{"name":"wp","href":"https:\/\/api.w.org\/{rel}","templated":true}]}}