{"id":8061,"date":"2024-12-03T21:50:55","date_gmt":"2024-12-03T21:50:55","guid":{"rendered":"https:\/\/skichaletandorra.com\/?page_id=8061"},"modified":"2025-06-12T10:40:49","modified_gmt":"2025-06-12T10:40:49","slug":"terms-conditions","status":"publish","type":"page","link":"https:\/\/skichaletandorra.com\/ca\/terms-conditions\/","title":{"rendered":"Termes i condicions"},"content":{"rendered":"<div data-elementor-type=\"wp-page\" data-elementor-id=\"8061\" class=\"elementor elementor-8061\" data-elementor-post-type=\"page\">\n\t\t\t\t<div class=\"elementor-element elementor-element-626ddfb8 e-flex e-con-boxed e-con e-parent\" data-id=\"626ddfb8\" data-element_type=\"container\" data-e-type=\"container\" data-settings=\"{&quot;background_background&quot;:&quot;classic&quot;}\">\n\t\t\t\t\t<div class=\"e-con-inner\">\n\t\t<div class=\"elementor-element elementor-element-56ce44ec e-con-full e-flex e-con e-child\" data-id=\"56ce44ec\" data-element_type=\"container\" data-e-type=\"container\">\n\t\t\t\t<\/div>\n\t\t\t\t\t<\/div>\n\t\t\t\t<\/div>\n\t\t<div class=\"elementor-element elementor-element-5c9b6c0e e-flex e-con-boxed e-con e-parent\" data-id=\"5c9b6c0e\" data-element_type=\"container\" data-e-type=\"container\" data-settings=\"{&quot;background_background&quot;:&quot;classic&quot;}\">\n\t\t\t\t\t<div class=\"e-con-inner\">\n\t\t<div class=\"elementor-element elementor-element-39e934c7 e-con-full e-flex e-con e-child\" data-id=\"39e934c7\" data-element_type=\"container\" data-e-type=\"container\">\n\t\t\t\t<div class=\"elementor-element elementor-element-3dad6b0c elementor-widget elementor-widget-heading\" data-id=\"3dad6b0c\" data-element_type=\"widget\" data-e-type=\"widget\" data-widget_type=\"heading.default\">\n\t\t\t\t<div class=\"elementor-widget-container\">\n\t\t\t\t\t<h2 class=\"elementor-heading-title elementor-size-default\">Termes i condicions<\/h2>\t\t\t\t<\/div>\n\t\t\t\t<\/div>\n\t\t\t\t<div class=\"elementor-element elementor-element-14f61c3 elementor-widget elementor-widget-text-editor\" data-id=\"14f61c3\" data-element_type=\"widget\" data-e-type=\"widget\" data-widget_type=\"text-editor.default\">\n\t\t\t\t<div class=\"elementor-widget-container\">\n\t\t\t\t\t\t\t\t\t<div><p><strong>Per al lloguer de<\/strong><\/p><\/div><div><p><strong>Luxury Treeline Resience Xalet Hort de Popaire, Piso 1.2, Cami Marrades del Piol, Soldeu, AD100.<\/strong><\/p><\/div><div><p><strong>Resid\u00e8ncia Alpina de Luxe Xalet Hort de Popaire, Piso PB, Cami Marrades del Piol, Soldeu, AD100.<\/strong><\/p><\/div><div><p><strong>Resid\u00e8ncia de luxe Snowpeak Xalet Hort de Popaire, Piso 2, Cami Marrades del Piol, Soldeu, AD100.<\/strong><\/p><\/div><div><p><strong>Luxury Summit Penthouse Xalet Hort de Popaire, Piso 4, Cami Marrades del Piol, Soldeu, AD100.<\/strong><\/p><\/div><div><p>Accepto proporcionar una c\u00f2pia del passaport o document d&#039;identitat de tots els hostes allotjats, com a part del proc\u00e9s de registre, per tal de complir amb la legislaci\u00f3 andorrana sobre allotjaments tur\u00edstics.<\/p><\/div><div><p>Reconeixo que \u00e9s una zona de no fumar, excepte al balc\u00f3, i ser\u00e9 responsable d&#039;assegurar-me que les burilles no es llencin fora de l&#039;edifici i que es llencin de manera segura.<\/p><\/div><div><p>Reconeixo que l&#039;apartament est\u00e0 situat en un edifici residencial i accepto que el meu grup respecti les normes establertes per la comunitat local.<\/p><\/div><div><p>Reconeixo que hi ha m\u00e9s instruccions i normes a la carpeta d&#039;instruccions disponible a l&#039;apartament o, si necessito ajuda, puc contactar amb un representant de l&#039;empresa.<\/p><\/div><div><p>Reconeixo que els bolquers, les tovalloletes humides i els productes d&#039;higiene femenina s&#039;han de llen\u00e7ar a les escombraries habituals, no als lavabos, per tal d&#039;evitar possibles problemes amb les aig\u00fces residuals i una multa de 500 \u20ac.<\/p><\/div><div><p>Reconeixo i accepto que qualsevol clau perduda comporta un canvi de pany i un rec\u00e0rrec de 300 \u20ac.<\/p><\/div><div><p>Accepto demanar perm\u00eds a un representant de Ski Chalet Andorra per moure qualsevol moble.<\/p><\/div><div><p>Estic d&#039;acord que podem fer servir qualsevol cosa disponible a l&#039;apartament de manera responsable i tornar-la a posar on la vam trobar, en el mateix estat que abans.<\/p><\/div><div><p>Reconeixo i accepto que si jo o alg\u00fa del meu grup fa malb\u00e9 alguna cosa, el reemborsament del dip\u00f2sit de danys s&#039;ajustar\u00e0 en conseq\u00fc\u00e8ncia.<\/p><\/div><div><p>Reconeixo que m&#039;han explicat els senyals i les sortides d&#039;emerg\u00e8ncia.<\/p><\/div><div><p>Reconeixo i accepto que hem d&#039;informar els propietaris de qualsevol mascota portada a l&#039;apartament i d&#039;una tarifa de neteja de 100 euros.<\/p><\/div><div><p>Reconeixo i accepto que no s&#039;ha de portar vidre a les habitacions ni a les zones de jacuzzi, per tal d&#039;evitar lesions per vidre trencat, i que es proporcionen gots de pl\u00e0stic per al seu \u00fas en aquestes zones.<\/p><\/div><div><p>Reconeixo i accepto que el jacuzzi ha d&#039;estar tancat i segur quan no estigui en \u00fas.<\/p><\/div><div><p>Reconeixo i accepto que no es pot guardar material d&#039;esqu\u00ed a l&#039;apartament.<\/p><\/div><div><p>Reconeixo i accepto que Ski Chalet Andorra no ser\u00e0 responsable de cap lesi\u00f3, p\u00e8rdua o dany patit per ning\u00fa del meu grup durant la meva estada a Ski Chalet Andorra a causa de qualsevol acci\u00f3 negligent per part nostra.<\/p><\/div><div><p>Reconeixo i accepto que si alguna cosa no funciona, ho informar\u00e9 immediatament a l&#039;empresa.<\/p><\/div><div><p>Reconeixo i accepto que l&#039;hora de sortida \u00e9s a les 10 del mat\u00ed com a m\u00e0xim el dia de sortida i que les pertinences del nostre grup i personals hauran sortit de l&#039;apartament a aquesta hora, les nostres escombraries es llen\u00e7aran als contenidors situats a l&#039;exterior de l&#039;edifici i, si s&#039;utilitza algun plat, el posarem al rentaplats abans de marxar.<\/p><\/div><div><p>Calendari de pagament 30% a pagar en el moment de la reserva. Saldo restant a pagar 60 dies abans de l&#039;arribada.<\/p><\/div><div><p>Pol\u00edtica de cancel\u00b7laci\u00f3 95% dels pagaments per avan\u00e7at reemborsables si es cancel\u00b7la 90 dies abans de l&#039;arribada o abans. 0% reemborsable si es cancel\u00b7la despr\u00e9s.<\/p><\/div><div><p>Dip\u00f2sit de garantia. Es ret\u00e9 una preautoritzaci\u00f3 de 1000,00 EUR 1 dia abans de l&#039;arribada i s&#039;anul\u00b7la 5 dies despr\u00e9s de la sortida.<\/p><\/div><div><p>L&#039;hora d&#039;entrada a l&#039;establiment \u00e9s a les 16:00<\/p><\/div><div><p>La sortida de l&#039;establiment \u00e9s a les 10:00.<\/p><\/div>\t\t\t\t\t\t\t\t<\/div>\n\t\t\t\t<\/div>\n\t\t\t\t<\/div>\n\t\t\t\t\t<\/div>\n\t\t\t\t<\/div>\n\t\t\t\t<\/div>","protected":false},"excerpt":{"rendered":"<p>Terms &amp; Conditions For the Rental of Luxury Treeline Resience Xalet Hort de Popaire, Piso 1.2, Cami Marrades del Piol, Soldeu, AD100. Luxury Alpine Residence Xalet Hort de Popaire, Piso PB, Cami Marrades del Piol, Soldeu, AD100. Luxury Snowpeak Residence Xalet Hort de Popaire, Piso 2, Cami Marrades del Piol, Soldeu, AD100. Luxury Summit Penthouse [&hellip;]<\/p>\n","protected":false},"author":1,"featured_media":0,"parent":0,"menu_order":0,"comment_status":"closed","ping_status":"closed","template":"","meta":{"footnotes":""},"class_list":["post-8061","page","type-page","status-publish","hentry"],"yoast_head":"<!-- This site is optimized with the Yoast SEO plugin v27.4 - https:\/\/yoast.com\/product\/yoast-seo-wordpress\/ -->\n<title>Terms &amp; Conditions - Ski Chalet Andorra<\/title>\n<meta name=\"description\" content=\"We are SKI CHALET ANDORRA and we provide holidays and holiday services in Soldeu, Andorra encompassing both winter and summer activities.\" \/>\n<meta name=\"robots\" content=\"index, follow, max-snippet:-1, max-image-preview:large, max-video-preview:-1\" \/>\n<link rel=\"canonical\" href=\"https:\/\/skichaletandorra.com\/ca\/terms-conditions\/\" \/>\n<meta property=\"og:locale\" content=\"ca_ES\" \/>\n<meta property=\"og:type\" content=\"article\" \/>\n<meta property=\"og:title\" content=\"Terms &amp; Conditions - Ski Chalet Andorra\" \/>\n<meta property=\"og:description\" content=\"We are SKI CHALET ANDORRA and we provide holidays and holiday services in Soldeu, Andorra encompassing both winter and summer activities.\" \/>\n<meta property=\"og:url\" content=\"https:\/\/skichaletandorra.com\/ca\/terms-conditions\/\" \/>\n<meta property=\"og:site_name\" content=\"Ski Chalet Andorra\" \/>\n<meta property=\"article:modified_time\" content=\"2025-06-12T10:40:49+00:00\" \/>\n<meta name=\"twitter:card\" content=\"summary_large_image\" \/>\n<meta name=\"twitter:label1\" content=\"Temps estimat de lectura\" \/>\n\t<meta name=\"twitter:data1\" content=\"3 minuts\" \/>\n<script type=\"application\/ld+json\" class=\"yoast-schema-graph\">{\"@context\":\"https:\\\/\\\/schema.org\",\"@graph\":[{\"@type\":\"WebPage\",\"@id\":\"https:\\\/\\\/skichaletandorra.com\\\/terms-conditions\\\/\",\"url\":\"https:\\\/\\\/skichaletandorra.com\\\/terms-conditions\\\/\",\"name\":\"Terms & Conditions - Ski Chalet Andorra\",\"isPartOf\":{\"@id\":\"https:\\\/\\\/skichaletandorra.com\\\/#website\"},\"datePublished\":\"2024-12-03T21:50:55+00:00\",\"dateModified\":\"2025-06-12T10:40:49+00:00\",\"description\":\"We are SKI CHALET ANDORRA and we provide holidays and holiday services in Soldeu, Andorra encompassing both winter and summer activities.\",\"breadcrumb\":{\"@id\":\"https:\\\/\\\/skichaletandorra.com\\\/terms-conditions\\\/#breadcrumb\"},\"inLanguage\":\"ca\",\"potentialAction\":[{\"@type\":\"ReadAction\",\"target\":[\"https:\\\/\\\/skichaletandorra.com\\\/terms-conditions\\\/\"]}]},{\"@type\":\"BreadcrumbList\",\"@id\":\"https:\\\/\\\/skichaletandorra.com\\\/terms-conditions\\\/#breadcrumb\",\"itemListElement\":[{\"@type\":\"ListItem\",\"position\":1,\"name\":\"Home\",\"item\":\"https:\\\/\\\/skichaletandorra.com\\\/\"},{\"@type\":\"ListItem\",\"position\":2,\"name\":\"Terms &#038; Conditions\"}]},{\"@type\":\"WebSite\",\"@id\":\"https:\\\/\\\/skichaletandorra.com\\\/#website\",\"url\":\"https:\\\/\\\/skichaletandorra.com\\\/\",\"name\":\"Ski Chalet Andorra\",\"description\":\"\",\"publisher\":{\"@id\":\"https:\\\/\\\/skichaletandorra.com\\\/#organization\"},\"potentialAction\":[{\"@type\":\"SearchAction\",\"target\":{\"@type\":\"EntryPoint\",\"urlTemplate\":\"https:\\\/\\\/skichaletandorra.com\\\/?s={search_term_string}\"},\"query-input\":{\"@type\":\"PropertyValueSpecification\",\"valueRequired\":true,\"valueName\":\"search_term_string\"}}],\"inLanguage\":\"ca\"},{\"@type\":\"Organization\",\"@id\":\"https:\\\/\\\/skichaletandorra.com\\\/#organization\",\"name\":\"Ski Chalet Andorra\",\"url\":\"https:\\\/\\\/skichaletandorra.com\\\/\",\"logo\":{\"@type\":\"ImageObject\",\"inLanguage\":\"ca\",\"@id\":\"https:\\\/\\\/skichaletandorra.com\\\/#\\\/schema\\\/logo\\\/image\\\/\",\"url\":\"https:\\\/\\\/skichaletandorra.com\\\/wp-content\\\/uploads\\\/2024\\\/06\\\/Screenshot-74.png\",\"contentUrl\":\"https:\\\/\\\/skichaletandorra.com\\\/wp-content\\\/uploads\\\/2024\\\/06\\\/Screenshot-74.png\",\"width\":745,\"height\":697,\"caption\":\"Ski Chalet Andorra\"},\"image\":{\"@id\":\"https:\\\/\\\/skichaletandorra.com\\\/#\\\/schema\\\/logo\\\/image\\\/\"}}]}<\/script>\n<!-- \/ Yoast SEO plugin. -->","yoast_head_json":{"title":"Termes i condicions - Xalet d&#039;esqu\u00ed Andorra","description":"Som SKI CHALET ANDORRA i oferim vacances i serveis de vacances a Soldeu, Andorra, que abasten tant activitats d&#039;hivern com d&#039;estiu.","robots":{"index":"index","follow":"follow","max-snippet":"max-snippet:-1","max-image-preview":"max-image-preview:large","max-video-preview":"max-video-preview:-1"},"canonical":"https:\/\/skichaletandorra.com\/ca\/terms-conditions\/","og_locale":"ca_ES","og_type":"article","og_title":"Terms & Conditions - Ski Chalet Andorra","og_description":"We are SKI CHALET ANDORRA and we provide holidays and holiday services in Soldeu, Andorra encompassing both winter and summer activities.","og_url":"https:\/\/skichaletandorra.com\/ca\/terms-conditions\/","og_site_name":"Ski Chalet Andorra","article_modified_time":"2025-06-12T10:40:49+00:00","twitter_card":"summary_large_image","twitter_misc":{"Temps estimat de lectura":"3 minuts"},"schema":{"@context":"https:\/\/schema.org","@graph":[{"@type":"WebPage","@id":"https:\/\/skichaletandorra.com\/terms-conditions\/","url":"https:\/\/skichaletandorra.com\/terms-conditions\/","name":"Termes i condicions - Xalet d&#039;esqu\u00ed Andorra","isPartOf":{"@id":"https:\/\/skichaletandorra.com\/#website"},"datePublished":"2024-12-03T21:50:55+00:00","dateModified":"2025-06-12T10:40:49+00:00","description":"Som SKI CHALET ANDORRA i oferim vacances i serveis de vacances a Soldeu, Andorra, que abasten tant activitats d&#039;hivern com d&#039;estiu.","breadcrumb":{"@id":"https:\/\/skichaletandorra.com\/terms-conditions\/#breadcrumb"},"inLanguage":"ca","potentialAction":[{"@type":"ReadAction","target":["https:\/\/skichaletandorra.com\/terms-conditions\/"]}]},{"@type":"BreadcrumbList","@id":"https:\/\/skichaletandorra.com\/terms-conditions\/#breadcrumb","itemListElement":[{"@type":"ListItem","position":1,"name":"Home","item":"https:\/\/skichaletandorra.com\/"},{"@type":"ListItem","position":2,"name":"Terms &#038; Conditions"}]},{"@type":"WebSite","@id":"https:\/\/skichaletandorra.com\/#website","url":"https:\/\/skichaletandorra.com\/","name":"Ski Chalet Andorra","description":"","publisher":{"@id":"https:\/\/skichaletandorra.com\/#organization"},"potentialAction":[{"@type":"SearchAction","target":{"@type":"EntryPoint","urlTemplate":"https:\/\/skichaletandorra.com\/?s={search_term_string}"},"query-input":{"@type":"PropertyValueSpecification","valueRequired":true,"valueName":"search_term_string"}}],"inLanguage":"ca"},{"@type":"Organization","@id":"https:\/\/skichaletandorra.com\/#organization","name":"Ski Chalet Andorra","url":"https:\/\/skichaletandorra.com\/","logo":{"@type":"ImageObject","inLanguage":"ca","@id":"https:\/\/skichaletandorra.com\/#\/schema\/logo\/image\/","url":"https:\/\/skichaletandorra.com\/wp-content\/uploads\/2024\/06\/Screenshot-74.png","contentUrl":"https:\/\/skichaletandorra.com\/wp-content\/uploads\/2024\/06\/Screenshot-74.png","width":745,"height":697,"caption":"Ski Chalet Andorra"},"image":{"@id":"https:\/\/skichaletandorra.com\/#\/schema\/logo\/image\/"}}]}},"_links":{"self":[{"href":"https:\/\/skichaletandorra.com\/ca\/wp-json\/wp\/v2\/pages\/8061","targetHints":{"allow":["GET"]}}],"collection":[{"href":"https:\/\/skichaletandorra.com\/ca\/wp-json\/wp\/v2\/pages"}],"about":[{"href":"https:\/\/skichaletandorra.com\/ca\/wp-json\/wp\/v2\/types\/page"}],"author":[{"embeddable":true,"href":"https:\/\/skichaletandorra.com\/ca\/wp-json\/wp\/v2\/users\/1"}],"replies":[{"embeddable":true,"href":"https:\/\/skichaletandorra.com\/ca\/wp-json\/wp\/v2\/comments?post=8061"}],"version-history":[{"count":0,"href":"https:\/\/skichaletandorra.com\/ca\/wp-json\/wp\/v2\/pages\/8061\/revisions"}],"wp:attachment":[{"href":"https:\/\/skichaletandorra.com\/ca\/wp-json\/wp\/v2\/media?parent=8061"}],"curies":[{"name":"wp","href":"https:\/\/api.w.org\/{rel}","templated":true}]}}