{"id":8215,"date":"2024-12-03T21:39:16","date_gmt":"2024-12-03T21:39:16","guid":{"rendered":"https:\/\/skichaletandorra.com\/?page_id=8215"},"modified":"2025-06-24T08:15:20","modified_gmt":"2025-06-24T08:15:20","slug":"legal-notice","status":"publish","type":"page","link":"https:\/\/skichaletandorra.com\/ca\/legal-notice\/","title":{"rendered":"Av\u00eds legal"},"content":{"rendered":"<div data-elementor-type=\"wp-page\" data-elementor-id=\"8215\" class=\"elementor elementor-8215\" data-elementor-post-type=\"page\">\n\t\t\t\t<div class=\"elementor-element elementor-element-7bb3457d e-flex e-con-boxed e-con e-parent\" data-id=\"7bb3457d\" data-element_type=\"container\" data-e-type=\"container\" data-settings=\"{&quot;background_background&quot;:&quot;classic&quot;}\">\n\t\t\t\t\t<div class=\"e-con-inner\">\n\t\t<div class=\"elementor-element elementor-element-31583e6 e-con-full e-flex e-con e-child\" data-id=\"31583e6\" data-element_type=\"container\" data-e-type=\"container\">\n\t\t\t\t<\/div>\n\t\t\t\t\t<\/div>\n\t\t\t\t<\/div>\n\t\t<div class=\"elementor-element elementor-element-76f0f255 e-flex e-con-boxed e-con e-parent\" data-id=\"76f0f255\" data-element_type=\"container\" data-e-type=\"container\" data-settings=\"{&quot;background_background&quot;:&quot;classic&quot;}\">\n\t\t\t\t\t<div class=\"e-con-inner\">\n\t\t<div class=\"elementor-element elementor-element-78383d3 e-con-full e-flex e-con e-child\" data-id=\"78383d3\" data-element_type=\"container\" data-e-type=\"container\">\n\t\t\t\t<div class=\"elementor-element elementor-element-79f3aeed elementor-widget elementor-widget-heading\" data-id=\"79f3aeed\" data-element_type=\"widget\" data-e-type=\"widget\" data-widget_type=\"heading.default\">\n\t\t\t\t<div class=\"elementor-widget-container\">\n\t\t\t\t\t<h1 class=\"elementor-heading-title elementor-size-default\">Av\u00eds legal <\/h1>\t\t\t\t<\/div>\n\t\t\t\t<\/div>\n\t\t\t\t<div class=\"elementor-element elementor-element-26a5515 elementor-widget elementor-widget-text-editor\" data-id=\"26a5515\" data-element_type=\"widget\" data-e-type=\"widget\" data-widget_type=\"text-editor.default\">\n\t\t\t\t<div class=\"elementor-widget-container\">\n\t\t\t\t\t\t\t\t\t<div class=\"elementor-widget-container\"><div class=\"elementor-text-editor elementor-clearfix elementor-inline-editing\" data-elementor-setting-key=\"editor\" data-elementor-inline-editing-toolbar=\"advanced\"><div class=\"page\" title=\"P\u00e0gina 1\"><div class=\"layoutArea\"><div class=\"column\"><p>Darrera actualitzaci\u00f3: 1 de gener de 2024.<\/p><p>Gr\u00e0cies per visitar www.skichaletanorra.com.<\/p><p>Aquesta exempci\u00f3 de responsabilitat (\u201cExempci\u00f3 de responsabilitat\u201d) \u00e9s un acord legalment vinculant entre vost\u00e8 (\u201cusuari\u201d, \u201cvisitant\u201d, \u201cvost\u00e8\u201d o \u201cseu\u201d) i aquest lloc web (\u201cnosaltres\u201d, \u201cnostre\u201d o \u201cens\u201d). Estableix les directrius generals, les divulgacions i els termes del seu \u00fas d&#039;aquest lloc web www.skichaletandorra.com (\u201clloc web\u201d, \u201cserveis\u201d, \u201cproductes\u201d, \u201cinformaci\u00f3\u201d o \u201ccontingut\u201d) operat per www.skichaletandorra.com.<\/p><p>Si us plau, llegiu atentament aquest av\u00eds legal abans de continuar utilitzant aquest lloc web. No accediu ni utilitzeu el lloc si no esteu d&#039;acord amb els termes d&#039;aquest av\u00eds legal. En utilitzar aquest lloc web o els seus serveis, reconeixeu que heu llegit detingudament i tamb\u00e9 enteneu els termes d&#039;aquest av\u00eds legal i, per la present, accepteu quedar-hi vinculat.<\/p><p>Av\u00eds legal<\/p><p>La informaci\u00f3 o el contingut que es mostra en aquest lloc web \u00e9s propietat intel\u00b7lectual de www.skichaletanorra.com. No podeu reutilitzar, republicar o reimprimir aquesta informaci\u00f3 o contingut sense el nostre consentiment.<\/p><p>La informaci\u00f3 o el contingut d&#039;aquest lloc web es publica de bona fe i \u00fanicament amb finalitats informatives generals i educatives. No pretenen de cap manera substituir l&#039;assessorament professional. El nostre lloc web es proporciona &quot;tal qual&quot;, i www.skichaletandorra.com no ofereix cap representaci\u00f3 ni garantia de cap tipus ni de cap forma, ja sigui expressa o impl\u00edcita, sobre la integritat, l&#039;actualitat, la fiabilitat, la disponibilitat, la validesa, l&#039;adequaci\u00f3 i l&#039;exactitud, ni garanteix que no hi haur\u00e0 p\u00e8rdues, errors ni omissions respecte a la informaci\u00f3 o el contingut d&#039;aquest lloc web. Qualsevol acci\u00f3 realitzada basant-se en aquesta informaci\u00f3 o contingut proporcionat en aquest lloc web www.skichaletandorra.com \u00e9s estrictament sota la vostra responsabilitat.<\/p><p>Com a resultat, www.skichaletanorra.com, els seus socis, empleats o agents no seran responsables de cap p\u00e8rdua o dany acumulat com a resultat de l&#039;\u00fas, la confian\u00e7a i la refer\u00e8ncia al nostre lloc web, incloent-hi, entre d&#039;altres, qualsevol p\u00e8rdua o dany especial o incidental, directe o indirecte, punitiu o conseq\u00fcent.<\/p><p>A www.skichaletanorra.com, fem tot el possible per mantenir el lloc web en bon funcionament. Tanmateix, no assumim cap responsabilitat legal i no serem responsables si el lloc web no est\u00e0 disponible temporalment o \u00e9s inaccessible a causa d&#039;avaria t\u00e8cnica fora del nostre control.<\/p><\/div><\/div><\/div><div class=\"page\" title=\"P\u00e0gina 2\"><div class=\"layoutArea\"><div class=\"column\"><p>Av\u00eds legal d&#039;enlla\u00e7os externs<\/p><p>A trav\u00e9s del nostre lloc web, podeu seguir enlla\u00e7os per visitar llocs web externs o contingut originari de llocs web de tercers que no estan afiliats de cap manera amb www.skichaletanorra.com. Tot i que intentem proporcionar nom\u00e9s enlla\u00e7os de qualitat a llocs web rellevants i \u00e8tics, no tenim cap control sobre la naturalesa, el contingut, l&#039;exactitud, l&#039;adequaci\u00f3, la fiabilitat, la validesa i la disponibilitat d&#039;aquests llocs. En conseq\u00fc\u00e8ncia, la inclusi\u00f3 d&#039;aquests enlla\u00e7os a altres llocs web no implica de cap manera una recomanaci\u00f3 o aprovaci\u00f3 dels serveis o productes que contenen aquests llocs. A m\u00e9s, els propietaris i el contingut dels llocs poden canviar sense previ av\u00eds i poden oc\u00f3rrer abans que tinguem l&#039;oportunitat d&#039;eliminar enlla\u00e7os trencats o nocius.<\/p><p>Av\u00eds de responsabilitat professional<\/p><p>www.skichaletanorra.com no cont\u00e9 assessorament professional. La informaci\u00f3 i el contingut d&#039;aquest lloc es proporcionen nom\u00e9s amb finalitats informatives generals i educatives, i no substitueixen l&#039;assessorament professional.<\/p><p>Us recomanem que tamb\u00e9 consulteu amb els professionals adequats abans de prendre cap acci\u00f3 basada en aquesta informaci\u00f3, ja que l&#039;\u00fas o la confian\u00e7a en qualsevol informaci\u00f3 continguda en aquest lloc \u00e9s exclusivament sota la vostra responsabilitat.<\/p><p>Av\u00eds d&#039;afiliats<\/p><p>El nostre lloc web pot contenir enlla\u00e7os a llocs afiliats i podem rebre una comissi\u00f3 d&#039;afiliaci\u00f3 per qualsevol compra que feu en aquests llocs mitjan\u00e7ant aquests enlla\u00e7os d&#039;afiliaci\u00f3.<\/p><p>Tingueu en compte que altres llocs web poden tenir pol\u00edtiques i termes de privadesa diferents que escapen al nostre control quan abandoneu el nostre lloc web. www.skichaletanorra.com no supervisa ni investiga cap transacci\u00f3 entre vosaltres i cap d&#039;aquests tercers. Us recomanem que consulteu les pol\u00edtiques de privadesa d&#039;aquests llocs web i els seus termes i condicions abans de penjar qualsevol contingut o participar en qualsevol negoci o transacci\u00f3.<\/p><p>Av\u00eds legal sobre el testimoni<\/p><p>www.skichaletandorra.com pot contenir testimonis d&#039;usuaris de serveis o productes que reflecteixen les experi\u00e8ncies i opinions d&#039;aquests usuaris. Tanmateix, aquestes experi\u00e8ncies, opinions i pensaments s\u00f3n personals d&#039;aquests usuaris i no representen necess\u00e0riament tots els altres usuaris dels nostres serveis o productes. Els testimonis es mostren literalment, excepte per errors gramaticals o tipogr\u00e0fics, i es trunquen si contenen informaci\u00f3 externa. Tingueu en compte que els punts de vista o les opinions d&#039;aquests testimonis pertanyen a l&#039;usuari i no representen els punts de vista de www.skichaletandorra.com. Per tant, els testimonis no s&#039;han d&#039;interpretar com a representaci\u00f3 de l&#039;adequaci\u00f3, la fiabilitat, la validesa i la disponibilitat d&#039;aquests serveis o productes.<\/p><\/div><\/div><\/div><div class=\"page\" title=\"P\u00e0gina 3\"><div class=\"layoutArea\"><div class=\"column\"><p>Canvis i esmenes<\/p><p>Ens reservem el dret exclusiu de canviar o modificar aquesta pol\u00edtica i els seus termes en qualsevol moment publicant la versi\u00f3 actualitzada a www.skichaletanorra.com. Es notificar\u00e0 immediatament aquests canvis en aquest lloc web si actualitzem, esmenem o modifiquem aquest document. L&#039;\u00fas continuat d&#039;aquest lloc web i els seus serveis despr\u00e9s de qualsevol d&#039;aquests canvis s&#039;interpretar\u00e0 com a consentiment a aquests canvis. Tanmateix, us aconsellem que visiteu aquesta p\u00e0gina amb freq\u00fc\u00e8ncia per assegurar-vos que esteu al dia dels \u00faltims canvis.<\/p><p>Consentiment<\/p><p>En continuar utilitzant aquest lloc web, reconeixeu que heu llegit aquest av\u00eds legal en la seva totalitat i hi doneu el vostre consentiment i accepteu tots els seus termes. Si no accepteu els termes d&#039;aquest av\u00eds legal, no teniu perm\u00eds per continuar utilitzant o accedint a aquest lloc i els seus serveis.<\/p><p>Contacta amb nosaltres<\/p><p>Si necessiteu informaci\u00f3 o teniu preguntes sobre l&#039;av\u00eds legal d&#039;aquest lloc web, no dubteu a contactar amb nosaltres per correu electr\u00f2nic a info@skichaletanorra.com.<\/p><\/div><\/div><\/div><\/div><\/div>\t\t\t\t\t\t\t\t<\/div>\n\t\t\t\t<\/div>\n\t\t\t\t<\/div>\n\t\t\t\t\t<\/div>\n\t\t\t\t<\/div>\n\t\t\t\t<\/div>","protected":false},"excerpt":{"rendered":"<p>Legal Notice Last updated: 1st Jan 2024. Thank you for visiting www.skichaletandorra.com. This disclaimer (\u201cDisclaimer\u201d) is a legally binding agreement between you (\u201cuser,\u201d \u201cvisitor,\u201d \u201cyou\u201d or \u201cyour\u201d) and this website (\u201cwe,\u201d \u201cour,\u201d or \u201cus\u201d). It sets forth the general guidelines, disclosures, and terms of your use of this www.skichaletandorra.com website (\u201cwebsite,\u201d \u201cservices,\u201d \u201cproducts,\u201d \u201cinformation,\u201d or [&hellip;]<\/p>\n","protected":false},"author":1,"featured_media":0,"parent":0,"menu_order":0,"comment_status":"closed","ping_status":"closed","template":"","meta":{"footnotes":""},"class_list":["post-8215","page","type-page","status-publish","hentry"],"yoast_head":"<!-- This site is optimized with the Yoast SEO plugin v27.3 - https:\/\/yoast.com\/product\/yoast-seo-wordpress\/ -->\n<title>Legal Notice - Ski Chalet Andorra<\/title>\n<meta name=\"description\" content=\"We are SKI CHALET ANDORRA and we provide holidays and holiday services in Soldeu, Andorra encompassing both winter and summer activities.\" \/>\n<meta name=\"robots\" content=\"index, follow, max-snippet:-1, max-image-preview:large, max-video-preview:-1\" \/>\n<link rel=\"canonical\" href=\"https:\/\/skichaletandorra.com\/ca\/legal-notice\/\" \/>\n<meta property=\"og:locale\" content=\"ca_ES\" \/>\n<meta property=\"og:type\" content=\"article\" \/>\n<meta property=\"og:title\" content=\"Legal Notice - Ski Chalet Andorra\" \/>\n<meta property=\"og:description\" content=\"We are SKI CHALET ANDORRA and we provide holidays and holiday services in Soldeu, Andorra encompassing both winter and summer activities.\" \/>\n<meta property=\"og:url\" content=\"https:\/\/skichaletandorra.com\/ca\/legal-notice\/\" \/>\n<meta property=\"og:site_name\" content=\"Ski Chalet Andorra\" \/>\n<meta property=\"article:modified_time\" content=\"2025-06-24T08:15:20+00:00\" \/>\n<meta name=\"twitter:card\" content=\"summary_large_image\" \/>\n<meta name=\"twitter:label1\" content=\"Temps estimat de lectura\" \/>\n\t<meta name=\"twitter:data1\" content=\"8 minuts\" \/>\n<script type=\"application\/ld+json\" class=\"yoast-schema-graph\">{\"@context\":\"https:\\\/\\\/schema.org\",\"@graph\":[{\"@type\":\"WebPage\",\"@id\":\"https:\\\/\\\/skichaletandorra.com\\\/legal-notice\\\/\",\"url\":\"https:\\\/\\\/skichaletandorra.com\\\/legal-notice\\\/\",\"name\":\"Legal Notice - Ski Chalet Andorra\",\"isPartOf\":{\"@id\":\"https:\\\/\\\/skichaletandorra.com\\\/#website\"},\"datePublished\":\"2024-12-03T21:39:16+00:00\",\"dateModified\":\"2025-06-24T08:15:20+00:00\",\"description\":\"We are SKI CHALET ANDORRA and we provide holidays and holiday services in Soldeu, Andorra encompassing both winter and summer activities.\",\"breadcrumb\":{\"@id\":\"https:\\\/\\\/skichaletandorra.com\\\/legal-notice\\\/#breadcrumb\"},\"inLanguage\":\"ca\",\"potentialAction\":[{\"@type\":\"ReadAction\",\"target\":[\"https:\\\/\\\/skichaletandorra.com\\\/legal-notice\\\/\"]}]},{\"@type\":\"BreadcrumbList\",\"@id\":\"https:\\\/\\\/skichaletandorra.com\\\/legal-notice\\\/#breadcrumb\",\"itemListElement\":[{\"@type\":\"ListItem\",\"position\":1,\"name\":\"Home\",\"item\":\"https:\\\/\\\/skichaletandorra.com\\\/\"},{\"@type\":\"ListItem\",\"position\":2,\"name\":\"Legal Notice\"}]},{\"@type\":\"WebSite\",\"@id\":\"https:\\\/\\\/skichaletandorra.com\\\/#website\",\"url\":\"https:\\\/\\\/skichaletandorra.com\\\/\",\"name\":\"Ski Chalet Andorra\",\"description\":\"\",\"publisher\":{\"@id\":\"https:\\\/\\\/skichaletandorra.com\\\/#organization\"},\"potentialAction\":[{\"@type\":\"SearchAction\",\"target\":{\"@type\":\"EntryPoint\",\"urlTemplate\":\"https:\\\/\\\/skichaletandorra.com\\\/?s={search_term_string}\"},\"query-input\":{\"@type\":\"PropertyValueSpecification\",\"valueRequired\":true,\"valueName\":\"search_term_string\"}}],\"inLanguage\":\"ca\"},{\"@type\":\"Organization\",\"@id\":\"https:\\\/\\\/skichaletandorra.com\\\/#organization\",\"name\":\"Ski Chalet Andorra\",\"url\":\"https:\\\/\\\/skichaletandorra.com\\\/\",\"logo\":{\"@type\":\"ImageObject\",\"inLanguage\":\"ca\",\"@id\":\"https:\\\/\\\/skichaletandorra.com\\\/#\\\/schema\\\/logo\\\/image\\\/\",\"url\":\"https:\\\/\\\/skichaletandorra.com\\\/wp-content\\\/uploads\\\/2024\\\/06\\\/Screenshot-74.png\",\"contentUrl\":\"https:\\\/\\\/skichaletandorra.com\\\/wp-content\\\/uploads\\\/2024\\\/06\\\/Screenshot-74.png\",\"width\":745,\"height\":697,\"caption\":\"Ski Chalet Andorra\"},\"image\":{\"@id\":\"https:\\\/\\\/skichaletandorra.com\\\/#\\\/schema\\\/logo\\\/image\\\/\"}}]}<\/script>\n<!-- \/ Yoast SEO plugin. -->","yoast_head_json":{"title":"Av\u00eds legal - Xalet d&#039;esqu\u00ed Andorra","description":"Som SKI CHALET ANDORRA i oferim vacances i serveis de vacances a Soldeu, Andorra, que abasten tant activitats d&#039;hivern com d&#039;estiu.","robots":{"index":"index","follow":"follow","max-snippet":"max-snippet:-1","max-image-preview":"max-image-preview:large","max-video-preview":"max-video-preview:-1"},"canonical":"https:\/\/skichaletandorra.com\/ca\/legal-notice\/","og_locale":"ca_ES","og_type":"article","og_title":"Legal Notice - Ski Chalet Andorra","og_description":"We are SKI CHALET ANDORRA and we provide holidays and holiday services in Soldeu, Andorra encompassing both winter and summer activities.","og_url":"https:\/\/skichaletandorra.com\/ca\/legal-notice\/","og_site_name":"Ski Chalet Andorra","article_modified_time":"2025-06-24T08:15:20+00:00","twitter_card":"summary_large_image","twitter_misc":{"Temps estimat de lectura":"8 minuts"},"schema":{"@context":"https:\/\/schema.org","@graph":[{"@type":"WebPage","@id":"https:\/\/skichaletandorra.com\/legal-notice\/","url":"https:\/\/skichaletandorra.com\/legal-notice\/","name":"Av\u00eds legal - Xalet d&#039;esqu\u00ed Andorra","isPartOf":{"@id":"https:\/\/skichaletandorra.com\/#website"},"datePublished":"2024-12-03T21:39:16+00:00","dateModified":"2025-06-24T08:15:20+00:00","description":"Som SKI CHALET ANDORRA i oferim vacances i serveis de vacances a Soldeu, Andorra, que abasten tant activitats d&#039;hivern com d&#039;estiu.","breadcrumb":{"@id":"https:\/\/skichaletandorra.com\/legal-notice\/#breadcrumb"},"inLanguage":"ca","potentialAction":[{"@type":"ReadAction","target":["https:\/\/skichaletandorra.com\/legal-notice\/"]}]},{"@type":"BreadcrumbList","@id":"https:\/\/skichaletandorra.com\/legal-notice\/#breadcrumb","itemListElement":[{"@type":"ListItem","position":1,"name":"Home","item":"https:\/\/skichaletandorra.com\/"},{"@type":"ListItem","position":2,"name":"Legal Notice"}]},{"@type":"WebSite","@id":"https:\/\/skichaletandorra.com\/#website","url":"https:\/\/skichaletandorra.com\/","name":"Ski Chalet Andorra","description":"","publisher":{"@id":"https:\/\/skichaletandorra.com\/#organization"},"potentialAction":[{"@type":"SearchAction","target":{"@type":"EntryPoint","urlTemplate":"https:\/\/skichaletandorra.com\/?s={search_term_string}"},"query-input":{"@type":"PropertyValueSpecification","valueRequired":true,"valueName":"search_term_string"}}],"inLanguage":"ca"},{"@type":"Organization","@id":"https:\/\/skichaletandorra.com\/#organization","name":"Ski Chalet Andorra","url":"https:\/\/skichaletandorra.com\/","logo":{"@type":"ImageObject","inLanguage":"ca","@id":"https:\/\/skichaletandorra.com\/#\/schema\/logo\/image\/","url":"https:\/\/skichaletandorra.com\/wp-content\/uploads\/2024\/06\/Screenshot-74.png","contentUrl":"https:\/\/skichaletandorra.com\/wp-content\/uploads\/2024\/06\/Screenshot-74.png","width":745,"height":697,"caption":"Ski Chalet Andorra"},"image":{"@id":"https:\/\/skichaletandorra.com\/#\/schema\/logo\/image\/"}}]}},"_links":{"self":[{"href":"https:\/\/skichaletandorra.com\/ca\/wp-json\/wp\/v2\/pages\/8215","targetHints":{"allow":["GET"]}}],"collection":[{"href":"https:\/\/skichaletandorra.com\/ca\/wp-json\/wp\/v2\/pages"}],"about":[{"href":"https:\/\/skichaletandorra.com\/ca\/wp-json\/wp\/v2\/types\/page"}],"author":[{"embeddable":true,"href":"https:\/\/skichaletandorra.com\/ca\/wp-json\/wp\/v2\/users\/1"}],"replies":[{"embeddable":true,"href":"https:\/\/skichaletandorra.com\/ca\/wp-json\/wp\/v2\/comments?post=8215"}],"version-history":[{"count":3,"href":"https:\/\/skichaletandorra.com\/ca\/wp-json\/wp\/v2\/pages\/8215\/revisions"}],"predecessor-version":[{"id":9656,"href":"https:\/\/skichaletandorra.com\/ca\/wp-json\/wp\/v2\/pages\/8215\/revisions\/9656"}],"wp:attachment":[{"href":"https:\/\/skichaletandorra.com\/ca\/wp-json\/wp\/v2\/media?parent=8215"}],"curies":[{"name":"wp","href":"https:\/\/api.w.org\/{rel}","templated":true}]}}