{"id":8061,"date":"2024-12-03T21:50:55","date_gmt":"2024-12-03T21:50:55","guid":{"rendered":"https:\/\/skichaletandorra.com\/?page_id=8061"},"modified":"2025-06-12T10:40:49","modified_gmt":"2025-06-12T10:40:49","slug":"terms-conditions","status":"publish","type":"page","link":"https:\/\/skichaletandorra.com\/es\/terms-conditions\/","title":{"rendered":"Condiciones generales"},"content":{"rendered":"<div data-elementor-type=\"wp-page\" data-elementor-id=\"8061\" class=\"elementor elementor-8061\" data-elementor-post-type=\"page\">\n\t\t\t\t<div class=\"elementor-element elementor-element-626ddfb8 e-flex e-con-boxed e-con e-parent\" data-id=\"626ddfb8\" data-element_type=\"container\" data-e-type=\"container\" data-settings=\"{&quot;background_background&quot;:&quot;classic&quot;}\">\n\t\t\t\t\t<div class=\"e-con-inner\">\n\t\t<div class=\"elementor-element elementor-element-56ce44ec e-con-full e-flex e-con e-child\" data-id=\"56ce44ec\" data-element_type=\"container\" data-e-type=\"container\">\n\t\t\t\t<\/div>\n\t\t\t\t\t<\/div>\n\t\t\t\t<\/div>\n\t\t<div class=\"elementor-element elementor-element-5c9b6c0e e-flex e-con-boxed e-con e-parent\" data-id=\"5c9b6c0e\" data-element_type=\"container\" data-e-type=\"container\" data-settings=\"{&quot;background_background&quot;:&quot;classic&quot;}\">\n\t\t\t\t\t<div class=\"e-con-inner\">\n\t\t<div class=\"elementor-element elementor-element-39e934c7 e-con-full e-flex e-con e-child\" data-id=\"39e934c7\" data-element_type=\"container\" data-e-type=\"container\">\n\t\t\t\t<div class=\"elementor-element elementor-element-3dad6b0c elementor-widget elementor-widget-heading\" data-id=\"3dad6b0c\" data-element_type=\"widget\" data-e-type=\"widget\" data-widget_type=\"heading.default\">\n\t\t\t\t<div class=\"elementor-widget-container\">\n\t\t\t\t\t<h2 class=\"elementor-heading-title elementor-size-default\">Condiciones generales<\/h2>\t\t\t\t<\/div>\n\t\t\t\t<\/div>\n\t\t\t\t<div class=\"elementor-element elementor-element-14f61c3 elementor-widget elementor-widget-text-editor\" data-id=\"14f61c3\" data-element_type=\"widget\" data-e-type=\"widget\" data-widget_type=\"text-editor.default\">\n\t\t\t\t<div class=\"elementor-widget-container\">\n\t\t\t\t\t\t\t\t\t<div><p><strong>Para el alquiler de<\/strong><\/p><\/div><div><p><strong>Lujo Treeline Resience Xalet Hort de Popaire, Piso 1.2, Cami Marrades del Piol, Soldeu, AD100.<\/strong><\/p><\/div><div><p><strong>Lujosa Residencia Alpina Xalet Hort de Popaire, Piso PB, Cami Marrades del Piol, Soldeu, AD100.<\/strong><\/p><\/div><div><p><strong>Luxury Snowpeak Residence Xalet Hort de Popaire, Piso 2, Cami Marrades del Piol, Soldeu, AD100.<\/strong><\/p><\/div><div><p><strong>Atico de Lujo Xalet Hort de Popaire, Piso 4, Cami Marrades del Piol, Soldeu, AD100.<\/strong><\/p><\/div><div><p>Me comprometo a facilitar una copia del pasaporte o documento de identidad de todos los hu\u00e9spedes que se alojen, como parte del proceso de registro, con el fin de cumplir con la ley andorrana sobre alojamientos tur\u00edsticos.<\/p><\/div><div><p>Reconozco que es una zona de no fumadores, excepto en el balc\u00f3n, y ser\u00e9 responsable de que las colillas no sean arrojadas fuera del edificio y se tiren de forma segura.<\/p><\/div><div><p>Reconozco que el apartamento est\u00e1 situado en un edificio residencial y acepto que mi grupo sea respetuoso con las normas establecidas por la comunidad local.<\/p><\/div><div><p>Reconozco que hay m\u00e1s instrucciones y normas en la carpeta de instrucciones disponible en el apartamento o, si necesito ayuda, puedo ponerme en contacto con un representante de la empresa.<\/p><\/div><div><p>Reconozco que los pa\u00f1ales, las toallitas h\u00famedas y los productos de higiene femenina deben desecharse en la papelera normal, no en los aseos, para evitar posibles problemas con las aguas residuales y una multa de 500 euros.<\/p><\/div><div><p>Reconozco y acepto que cualquier p\u00e9rdida de llave conlleva un cambio de cerradura y un recargo de 300\u20ac.<\/p><\/div><div><p>Acepto pedir permiso a un representante de Ski Chalet Andorra para mover cualquier mueble.<\/p><\/div><div><p>Estoy de acuerdo en que podemos utilizar cualquier cosa disponible en el apartamento de forma responsable y devolverla al lugar donde la encontramos, en las mismas condiciones que antes.<\/p><\/div><div><p>Reconozco y acepto que si yo o alguien de mi grupo da\u00f1a algo, el reembolso de la fianza se ajustar\u00e1 en consecuencia.<\/p><\/div><div><p>Reconozco que se me han explicado las se\u00f1ales y salidas de emergencia.<\/p><\/div><div><p>Reconozco y acepto que debemos informar a los propietarios de cualquier animal dom\u00e9stico tra\u00eddo al apartamento y una tasa de limpieza de 100 euros.<\/p><\/div><div><p>Reconozco y acepto que no se debe llevar cristal a las habitaciones ni a las zonas de jacuzzi, para evitar lesiones por cristales rotos, y que se proporcionan vasos de pl\u00e1stico para su uso en dichas zonas.<\/p><\/div><div><p>Reconozco y acepto que el jacuzzi debe estar cerrado y asegurado cuando no se utilice.<\/p><\/div><div><p>Reconozco y acepto que el equipo de esqu\u00ed no se puede guardar en el apartamento<\/p><\/div><div><p>Reconozco y acepto que Ski Chalet Andorra no ser\u00e1 responsable de ninguna lesi\u00f3n, p\u00e9rdida o da\u00f1o sufrido por cualquier persona de mi grupo durante mi estancia en Ski Chalet Andorra debido a cualquier acci\u00f3n negligente por nuestra parte.<\/p><\/div><div><p>Reconozco y acepto que, en caso de que algo no funcione, informar\u00e9 inmediatamente a la empresa.<\/p><\/div><div><p>Reconozco y acepto que la hora de salida es a m\u00e1s tardar a las 10 de la ma\u00f1ana del d\u00eda de salida y nuestro grupo y pertenencias personales estar\u00e1n fuera del apartamento a esa hora, nuestra basura se tirar\u00e1 en los contenedores situados fuera del edificio y si se utiliza alg\u00fan plato se colocar\u00e1 en el lavavajillas antes de salir.<\/p><\/div><div><p>Forma de pago 30% a pagar en el momento de la reserva. Saldo restante 60 d\u00edas antes de la llegada.<\/p><\/div><div><p>Pol\u00edtica de cancelaci\u00f3n 95% de los pagos anticipados reembolsables si se cancela 90 d\u00eda(s) antes de la llegada o antes. 0% reembolsable si se cancela despu\u00e9s.<\/p><\/div><div><p>Dep\u00f3sito de seguridad Se retiene una preautorizaci\u00f3n de 1000,00 EUR 1 d\u00eda(s) antes de la llegada y se anula 5 d\u00eda(s) despu\u00e9s de la salida.<\/p><\/div><div><p>La entrada a la propiedad es a las 16:00<\/p><\/div><div><p>La salida es a las 10:00<\/p><\/div>\t\t\t\t\t\t\t\t<\/div>\n\t\t\t\t<\/div>\n\t\t\t\t<\/div>\n\t\t\t\t\t<\/div>\n\t\t\t\t<\/div>\n\t\t\t\t<\/div>","protected":false},"excerpt":{"rendered":"<p>Terms &amp; Conditions For the Rental of Luxury Treeline Resience Xalet Hort de Popaire, Piso 1.2, Cami Marrades del Piol, Soldeu, AD100. Luxury Alpine Residence Xalet Hort de Popaire, Piso PB, Cami Marrades del Piol, Soldeu, AD100. Luxury Snowpeak Residence Xalet Hort de Popaire, Piso 2, Cami Marrades del Piol, Soldeu, AD100. Luxury Summit Penthouse [&hellip;]<\/p>\n","protected":false},"author":1,"featured_media":0,"parent":0,"menu_order":0,"comment_status":"closed","ping_status":"closed","template":"","meta":{"footnotes":""},"class_list":["post-8061","page","type-page","status-publish","hentry"],"yoast_head":"<!-- This site is optimized with the Yoast SEO plugin v27.4 - https:\/\/yoast.com\/product\/yoast-seo-wordpress\/ -->\n<title>Terms &amp; Conditions - Ski Chalet Andorra<\/title>\n<meta name=\"description\" content=\"We are SKI CHALET ANDORRA and we provide holidays and holiday services in Soldeu, Andorra encompassing both winter and summer activities.\" \/>\n<meta name=\"robots\" content=\"index, follow, max-snippet:-1, max-image-preview:large, max-video-preview:-1\" \/>\n<link rel=\"canonical\" href=\"https:\/\/skichaletandorra.com\/es\/terms-conditions\/\" \/>\n<meta property=\"og:locale\" content=\"es_ES\" \/>\n<meta property=\"og:type\" content=\"article\" \/>\n<meta property=\"og:title\" content=\"Terms &amp; Conditions - Ski Chalet Andorra\" \/>\n<meta property=\"og:description\" content=\"We are SKI CHALET ANDORRA and we provide holidays and holiday services in Soldeu, Andorra encompassing both winter and summer activities.\" \/>\n<meta property=\"og:url\" content=\"https:\/\/skichaletandorra.com\/es\/terms-conditions\/\" \/>\n<meta property=\"og:site_name\" content=\"Ski Chalet Andorra\" \/>\n<meta property=\"article:modified_time\" content=\"2025-06-12T10:40:49+00:00\" \/>\n<meta name=\"twitter:card\" content=\"summary_large_image\" \/>\n<meta name=\"twitter:label1\" content=\"Tiempo de lectura\" \/>\n\t<meta name=\"twitter:data1\" content=\"3 minutos\" \/>\n<script type=\"application\/ld+json\" class=\"yoast-schema-graph\">{\"@context\":\"https:\\\/\\\/schema.org\",\"@graph\":[{\"@type\":\"WebPage\",\"@id\":\"https:\\\/\\\/skichaletandorra.com\\\/terms-conditions\\\/\",\"url\":\"https:\\\/\\\/skichaletandorra.com\\\/terms-conditions\\\/\",\"name\":\"Terms & Conditions - Ski Chalet Andorra\",\"isPartOf\":{\"@id\":\"https:\\\/\\\/skichaletandorra.com\\\/#website\"},\"datePublished\":\"2024-12-03T21:50:55+00:00\",\"dateModified\":\"2025-06-12T10:40:49+00:00\",\"description\":\"We are SKI CHALET ANDORRA and we provide holidays and holiday services in Soldeu, Andorra encompassing both winter and summer activities.\",\"breadcrumb\":{\"@id\":\"https:\\\/\\\/skichaletandorra.com\\\/terms-conditions\\\/#breadcrumb\"},\"inLanguage\":\"es\",\"potentialAction\":[{\"@type\":\"ReadAction\",\"target\":[\"https:\\\/\\\/skichaletandorra.com\\\/terms-conditions\\\/\"]}]},{\"@type\":\"BreadcrumbList\",\"@id\":\"https:\\\/\\\/skichaletandorra.com\\\/terms-conditions\\\/#breadcrumb\",\"itemListElement\":[{\"@type\":\"ListItem\",\"position\":1,\"name\":\"Home\",\"item\":\"https:\\\/\\\/skichaletandorra.com\\\/\"},{\"@type\":\"ListItem\",\"position\":2,\"name\":\"Terms &#038; Conditions\"}]},{\"@type\":\"WebSite\",\"@id\":\"https:\\\/\\\/skichaletandorra.com\\\/#website\",\"url\":\"https:\\\/\\\/skichaletandorra.com\\\/\",\"name\":\"Ski Chalet Andorra\",\"description\":\"\",\"publisher\":{\"@id\":\"https:\\\/\\\/skichaletandorra.com\\\/#organization\"},\"potentialAction\":[{\"@type\":\"SearchAction\",\"target\":{\"@type\":\"EntryPoint\",\"urlTemplate\":\"https:\\\/\\\/skichaletandorra.com\\\/?s={search_term_string}\"},\"query-input\":{\"@type\":\"PropertyValueSpecification\",\"valueRequired\":true,\"valueName\":\"search_term_string\"}}],\"inLanguage\":\"es\"},{\"@type\":\"Organization\",\"@id\":\"https:\\\/\\\/skichaletandorra.com\\\/#organization\",\"name\":\"Ski Chalet Andorra\",\"url\":\"https:\\\/\\\/skichaletandorra.com\\\/\",\"logo\":{\"@type\":\"ImageObject\",\"inLanguage\":\"es\",\"@id\":\"https:\\\/\\\/skichaletandorra.com\\\/#\\\/schema\\\/logo\\\/image\\\/\",\"url\":\"https:\\\/\\\/skichaletandorra.com\\\/wp-content\\\/uploads\\\/2024\\\/06\\\/Screenshot-74.png\",\"contentUrl\":\"https:\\\/\\\/skichaletandorra.com\\\/wp-content\\\/uploads\\\/2024\\\/06\\\/Screenshot-74.png\",\"width\":745,\"height\":697,\"caption\":\"Ski Chalet Andorra\"},\"image\":{\"@id\":\"https:\\\/\\\/skichaletandorra.com\\\/#\\\/schema\\\/logo\\\/image\\\/\"}}]}<\/script>\n<!-- \/ Yoast SEO plugin. -->","yoast_head_json":{"title":"Condiciones generales - Ski Chalet Andorra","description":"Somos SKI CHALET ANDORRA y ofrecemos vacaciones y servicios vacacionales en Soldeu, Andorra abarcando tanto actividades de invierno como de verano.","robots":{"index":"index","follow":"follow","max-snippet":"max-snippet:-1","max-image-preview":"max-image-preview:large","max-video-preview":"max-video-preview:-1"},"canonical":"https:\/\/skichaletandorra.com\/es\/terms-conditions\/","og_locale":"es_ES","og_type":"article","og_title":"Terms & Conditions - Ski Chalet Andorra","og_description":"We are SKI CHALET ANDORRA and we provide holidays and holiday services in Soldeu, Andorra encompassing both winter and summer activities.","og_url":"https:\/\/skichaletandorra.com\/es\/terms-conditions\/","og_site_name":"Ski Chalet Andorra","article_modified_time":"2025-06-12T10:40:49+00:00","twitter_card":"summary_large_image","twitter_misc":{"Tiempo de lectura":"3 minutos"},"schema":{"@context":"https:\/\/schema.org","@graph":[{"@type":"WebPage","@id":"https:\/\/skichaletandorra.com\/terms-conditions\/","url":"https:\/\/skichaletandorra.com\/terms-conditions\/","name":"Condiciones generales - Ski Chalet Andorra","isPartOf":{"@id":"https:\/\/skichaletandorra.com\/#website"},"datePublished":"2024-12-03T21:50:55+00:00","dateModified":"2025-06-12T10:40:49+00:00","description":"Somos SKI CHALET ANDORRA y ofrecemos vacaciones y servicios vacacionales en Soldeu, Andorra abarcando tanto actividades de invierno como de verano.","breadcrumb":{"@id":"https:\/\/skichaletandorra.com\/terms-conditions\/#breadcrumb"},"inLanguage":"es","potentialAction":[{"@type":"ReadAction","target":["https:\/\/skichaletandorra.com\/terms-conditions\/"]}]},{"@type":"BreadcrumbList","@id":"https:\/\/skichaletandorra.com\/terms-conditions\/#breadcrumb","itemListElement":[{"@type":"ListItem","position":1,"name":"Home","item":"https:\/\/skichaletandorra.com\/"},{"@type":"ListItem","position":2,"name":"Terms &#038; Conditions"}]},{"@type":"WebSite","@id":"https:\/\/skichaletandorra.com\/#website","url":"https:\/\/skichaletandorra.com\/","name":"Ski Chalet Andorra","description":"","publisher":{"@id":"https:\/\/skichaletandorra.com\/#organization"},"potentialAction":[{"@type":"SearchAction","target":{"@type":"EntryPoint","urlTemplate":"https:\/\/skichaletandorra.com\/?s={search_term_string}"},"query-input":{"@type":"PropertyValueSpecification","valueRequired":true,"valueName":"search_term_string"}}],"inLanguage":"es"},{"@type":"Organization","@id":"https:\/\/skichaletandorra.com\/#organization","name":"Ski Chalet Andorra","url":"https:\/\/skichaletandorra.com\/","logo":{"@type":"ImageObject","inLanguage":"es","@id":"https:\/\/skichaletandorra.com\/#\/schema\/logo\/image\/","url":"https:\/\/skichaletandorra.com\/wp-content\/uploads\/2024\/06\/Screenshot-74.png","contentUrl":"https:\/\/skichaletandorra.com\/wp-content\/uploads\/2024\/06\/Screenshot-74.png","width":745,"height":697,"caption":"Ski Chalet Andorra"},"image":{"@id":"https:\/\/skichaletandorra.com\/#\/schema\/logo\/image\/"}}]}},"_links":{"self":[{"href":"https:\/\/skichaletandorra.com\/es\/wp-json\/wp\/v2\/pages\/8061","targetHints":{"allow":["GET"]}}],"collection":[{"href":"https:\/\/skichaletandorra.com\/es\/wp-json\/wp\/v2\/pages"}],"about":[{"href":"https:\/\/skichaletandorra.com\/es\/wp-json\/wp\/v2\/types\/page"}],"author":[{"embeddable":true,"href":"https:\/\/skichaletandorra.com\/es\/wp-json\/wp\/v2\/users\/1"}],"replies":[{"embeddable":true,"href":"https:\/\/skichaletandorra.com\/es\/wp-json\/wp\/v2\/comments?post=8061"}],"version-history":[{"count":0,"href":"https:\/\/skichaletandorra.com\/es\/wp-json\/wp\/v2\/pages\/8061\/revisions"}],"wp:attachment":[{"href":"https:\/\/skichaletandorra.com\/es\/wp-json\/wp\/v2\/media?parent=8061"}],"curies":[{"name":"wp","href":"https:\/\/api.w.org\/{rel}","templated":true}]}}