{"id":8215,"date":"2024-12-03T21:39:16","date_gmt":"2024-12-03T21:39:16","guid":{"rendered":"https:\/\/skichaletandorra.com\/?page_id=8215"},"modified":"2025-06-24T08:15:20","modified_gmt":"2025-06-24T08:15:20","slug":"legal-notice","status":"publish","type":"page","link":"https:\/\/skichaletandorra.com\/es\/legal-notice\/","title":{"rendered":"Aviso legal"},"content":{"rendered":"<div data-elementor-type=\"wp-page\" data-elementor-id=\"8215\" class=\"elementor elementor-8215\" data-elementor-post-type=\"page\">\n\t\t\t\t<div class=\"elementor-element elementor-element-7bb3457d e-flex e-con-boxed e-con e-parent\" data-id=\"7bb3457d\" data-element_type=\"container\" data-e-type=\"container\" data-settings=\"{&quot;background_background&quot;:&quot;classic&quot;}\">\n\t\t\t\t\t<div class=\"e-con-inner\">\n\t\t<div class=\"elementor-element elementor-element-31583e6 e-con-full e-flex e-con e-child\" data-id=\"31583e6\" data-element_type=\"container\" data-e-type=\"container\">\n\t\t\t\t<\/div>\n\t\t\t\t\t<\/div>\n\t\t\t\t<\/div>\n\t\t<div class=\"elementor-element elementor-element-76f0f255 e-flex e-con-boxed e-con e-parent\" data-id=\"76f0f255\" data-element_type=\"container\" data-e-type=\"container\" data-settings=\"{&quot;background_background&quot;:&quot;classic&quot;}\">\n\t\t\t\t\t<div class=\"e-con-inner\">\n\t\t<div class=\"elementor-element elementor-element-78383d3 e-con-full e-flex e-con e-child\" data-id=\"78383d3\" data-element_type=\"container\" data-e-type=\"container\">\n\t\t\t\t<div class=\"elementor-element elementor-element-79f3aeed elementor-widget elementor-widget-heading\" data-id=\"79f3aeed\" data-element_type=\"widget\" data-e-type=\"widget\" data-widget_type=\"heading.default\">\n\t\t\t\t<div class=\"elementor-widget-container\">\n\t\t\t\t\t<h1 class=\"elementor-heading-title elementor-size-default\">Aviso legal <\/h1>\t\t\t\t<\/div>\n\t\t\t\t<\/div>\n\t\t\t\t<div class=\"elementor-element elementor-element-26a5515 elementor-widget elementor-widget-text-editor\" data-id=\"26a5515\" data-element_type=\"widget\" data-e-type=\"widget\" data-widget_type=\"text-editor.default\">\n\t\t\t\t<div class=\"elementor-widget-container\">\n\t\t\t\t\t\t\t\t\t<div class=\"elementor-widget-container\"><div class=\"elementor-text-editor elementor-clearfix elementor-inline-editing\" data-elementor-setting-key=\"editor\" data-elementor-inline-editing-toolbar=\"advanced\"><div class=\"page\" title=\"P\u00e1gina 1\"><div class=\"layoutArea\"><div class=\"column\"><p>\u00daltima actualizaci\u00f3n: 1 de enero de 2024.<\/p><p>Gracias por visitar www.skichaletandorra.com.<\/p><p>Este descargo de responsabilidad (\"Descargo de responsabilidad\") es un acuerdo legalmente vinculante entre usted (\"usuario\", \"visitante\", \"usted\" o \"su\") y este sitio web (\"nosotros\", \"nuestro\" o \"nos\"). En \u00e9l se establecen las directrices generales, divulgaciones y condiciones de uso de este sitio web www.skichaletandorra.com (\"sitio web\", \"servicios\", \"productos\", \"informaci\u00f3n\" o \"contenido\") operado por www.skichaletandorra.com.<\/p><p>Lea atentamente este descargo de responsabilidad antes de seguir utilizando este sitio web. No acceda ni utilice el sitio si no est\u00e1 de acuerdo con los t\u00e9rminos de esta cl\u00e1usula de exenci\u00f3n de responsabilidad. Al utilizar este sitio web o sus servicios, usted reconoce que ha le\u00eddo y comprendido en su totalidad los t\u00e9rminos de esta cl\u00e1usula de exenci\u00f3n de responsabilidad y acepta quedar vinculado por los mismos.<\/p><p>Descargo de responsabilidad<\/p><p>La informaci\u00f3n o los contenidos mostrados en este sitio web son propiedad intelectual de www.skichaletandorra.com. Queda prohibida la reutilizaci\u00f3n, republicaci\u00f3n o reimpresi\u00f3n de dicha informaci\u00f3n o contenido sin nuestro consentimiento.<\/p><p>La informaci\u00f3n o los contenidos de este sitio web se publican de buena fe y \u00fanicamente con fines informativos y educativos de car\u00e1cter general. En ning\u00fan caso pretenden sustituir el asesoramiento profesional. Nuestro sitio web se proporciona \"tal cual\", y www.skichaletandorra.com no ofrece declaraciones ni garant\u00edas de ning\u00fan tipo ni en ninguna forma, ya sean expresas o impl\u00edcitas, sobre la exhaustividad, puntualidad, fiabilidad, disponibilidad, validez, idoneidad y exactitud, ni garantiza que no se produzcan p\u00e9rdidas, errores u omisiones con respecto a la informaci\u00f3n o los contenidos de este sitio web. Cualquier acci\u00f3n realizada en base a dicha informaci\u00f3n o contenido proporcionado en este sitio web www.skichaletandorra.com es estrictamente bajo su propio riesgo.<\/p><p>En consecuencia, www.skichaletandorra.com, sus socios, empleados o agentes no ser\u00e1n responsables de ninguna p\u00e9rdida o da\u00f1o que se produzca como resultado del uso de nuestro sitio web, de la confianza depositada en \u00e9l o de la referencia a \u00e9l, incluidos, entre otros, cualquier p\u00e9rdida o da\u00f1o especial o fortuito, directo o indirecto, punitivo o consecuente.<\/p><p>En www.skichaletandorra.com, hacemos todo lo posible para que el sitio web funcione sin problemas. Sin embargo, no asumimos ninguna responsabilidad legal y no seremos responsables si el sitio web no est\u00e1 disponible o no se puede acceder a \u00e9l temporalmente debido a fallos t\u00e9cnicos ajenos a nuestro control.<\/p><\/div><\/div><\/div><div class=\"page\" title=\"P\u00e1gina 2\"><div class=\"layoutArea\"><div class=\"column\"><p>Enlaces externos Descargo de responsabilidad<\/p><p>A trav\u00e9s de nuestro sitio web, puede seguir enlaces para visitar sitios web externos o contenidos procedentes de sitios web de terceros que no est\u00e1n afiliados en modo alguno a www.skichaletandorra.com. Aunque intentamos ofrecer \u00fanicamente enlaces de calidad a sitios web relevantes y \u00e9ticos, no tenemos control alguno sobre la naturaleza, contenido, exactitud, adecuaci\u00f3n, fiabilidad, validez y disponibilidad de dichos sitios. En consecuencia, la inclusi\u00f3n de tales enlaces a otros sitios web no implica en modo alguno recomendaci\u00f3n o aprobaci\u00f3n de los servicios o productos contenidos en dichos sitios. Adem\u00e1s, los propietarios de los sitios y su contenido pueden cambiar sin previo aviso y puede ocurrir antes de que tengamos la oportunidad de eliminar los enlaces rotos o da\u00f1inos.<\/p><p>Descargo de responsabilidad profesional<\/p><p>www.skichaletandorra.com no contiene asesoramiento profesional. La informaci\u00f3n y los contenidos de este sitio se facilitan \u00fanicamente con fines informativos y educativos y no sustituyen el asesoramiento profesional.<\/p><p>Le recomendamos que tambi\u00e9n consulte con los profesionales adecuados antes de emprender cualquier acci\u00f3n basada en dicha informaci\u00f3n, ya que el uso o la confianza depositada en cualquier informaci\u00f3n contenida en este sitio corre exclusivamente por su cuenta y riesgo.<\/p><p>Descargo de responsabilidad de los afiliados<\/p><p>Nuestro sitio web puede contener enlaces a sitios afiliados, y podemos recibir una comisi\u00f3n de afiliaci\u00f3n por cualquier compra que usted realice en esos sitios utilizando dichos enlaces afiliados.<\/p><p>Tenga en cuenta que otros sitios pueden tener pol\u00edticas de privacidad y condiciones diferentes que escapan a nuestro control cuando abandona nuestro sitio web. www.skichaletandorra.com no supervisa ni investiga ninguna transacci\u00f3n entre usted y dichos terceros. Le recomendamos que compruebe las pol\u00edticas de privacidad de estos sitios y sus t\u00e9rminos y condiciones antes de cargar cualquier contenido o participar en cualquier negocio o transacci\u00f3n.<\/p><p>Descargo de responsabilidad<\/p><p>www.skichaletandorra.com puede contener testimonios de usuarios de servicios o productos que reflejen las experiencias y opiniones de dichos usuarios. Sin embargo, dichas experiencias, opiniones y pensamientos son personales de dichos usuarios y no representan necesariamente a todos los dem\u00e1s usuarios de nuestros servicios o productos. Los testimonios se muestran textualmente, salvo errores gramaticales o tipogr\u00e1ficos, y se truncan si contienen informaci\u00f3n superflua. Tenga en cuenta que las opiniones expresadas en dichos testimonios pertenecen al usuario y no representan los puntos de vista de www.skichaletandorra.com. En consecuencia, no debe interpretarse que los testimonios representan la idoneidad, fiabilidad, validez y disponibilidad de tales servicios o productos.<\/p><\/div><\/div><\/div><div class=\"page\" title=\"P\u00e1gina 3\"><div class=\"layoutArea\"><div class=\"column\"><p>Cambios y modificaciones<\/p><p>Nos reservamos el derecho exclusivo de cambiar o modificar esta pol\u00edtica y sus condiciones en cualquier momento publicando la versi\u00f3n actualizada en www.skichaletandorra.com. En caso de que actualicemos, enmendemos o modifiquemos este documento, se publicar\u00e1 inmediatamente en este sitio una notificaci\u00f3n de dichos cambios. El uso continuado de este sitio web y de sus servicios despu\u00e9s de dichos cambios se interpretar\u00e1 como consentimiento a los mismos. No obstante, le aconsejamos que visite con frecuencia esta p\u00e1gina para asegurarse de que est\u00e1 al corriente de los \u00faltimos cambios.<\/p><p>Consentimiento<\/p><p>Al proceder a utilizar este sitio web, usted reconoce que ha le\u00eddo este descargo de responsabilidad en su totalidad y por la presente acepta este descargo de responsabilidad y est\u00e1 de acuerdo con todos sus t\u00e9rminos. Si no acepta quedar vinculado por los t\u00e9rminos de esta cl\u00e1usula de exenci\u00f3n de responsabilidad, no podr\u00e1 seguir utilizando ni accediendo a este sitio ni a sus servicios.<\/p><p>P\u00f3ngase en contacto con nosotros<\/p><p>Si necesita informaci\u00f3n o tiene alguna pregunta sobre el descargo de responsabilidad de este sitio, no dude en ponerse en contacto con nosotros por correo electr\u00f3nico en info@skichaletandorra.com.<\/p><\/div><\/div><\/div><\/div><\/div>\t\t\t\t\t\t\t\t<\/div>\n\t\t\t\t<\/div>\n\t\t\t\t<\/div>\n\t\t\t\t\t<\/div>\n\t\t\t\t<\/div>\n\t\t\t\t<\/div>","protected":false},"excerpt":{"rendered":"<p>Legal Notice Last updated: 1st Jan 2024. Thank you for visiting www.skichaletandorra.com. This disclaimer (\u201cDisclaimer\u201d) is a legally binding agreement between you (\u201cuser,\u201d \u201cvisitor,\u201d \u201cyou\u201d or \u201cyour\u201d) and this website (\u201cwe,\u201d \u201cour,\u201d or \u201cus\u201d). It sets forth the general guidelines, disclosures, and terms of your use of this www.skichaletandorra.com website (\u201cwebsite,\u201d \u201cservices,\u201d \u201cproducts,\u201d \u201cinformation,\u201d or [&hellip;]<\/p>\n","protected":false},"author":1,"featured_media":0,"parent":0,"menu_order":0,"comment_status":"closed","ping_status":"closed","template":"","meta":{"footnotes":""},"class_list":["post-8215","page","type-page","status-publish","hentry"],"yoast_head":"<!-- This site is optimized with the Yoast SEO plugin v27.3 - https:\/\/yoast.com\/product\/yoast-seo-wordpress\/ -->\n<title>Legal Notice - Ski Chalet Andorra<\/title>\n<meta name=\"description\" content=\"We are SKI CHALET ANDORRA and we provide holidays and holiday services in Soldeu, Andorra encompassing both winter and summer activities.\" \/>\n<meta name=\"robots\" content=\"index, follow, max-snippet:-1, max-image-preview:large, max-video-preview:-1\" \/>\n<link rel=\"canonical\" href=\"https:\/\/skichaletandorra.com\/es\/legal-notice\/\" \/>\n<meta property=\"og:locale\" content=\"es_ES\" \/>\n<meta property=\"og:type\" content=\"article\" \/>\n<meta property=\"og:title\" content=\"Legal Notice - Ski Chalet Andorra\" \/>\n<meta property=\"og:description\" content=\"We are SKI CHALET ANDORRA and we provide holidays and holiday services in Soldeu, Andorra encompassing both winter and summer activities.\" \/>\n<meta property=\"og:url\" content=\"https:\/\/skichaletandorra.com\/es\/legal-notice\/\" \/>\n<meta property=\"og:site_name\" content=\"Ski Chalet Andorra\" \/>\n<meta property=\"article:modified_time\" content=\"2025-06-24T08:15:20+00:00\" \/>\n<meta name=\"twitter:card\" content=\"summary_large_image\" \/>\n<meta name=\"twitter:label1\" content=\"Tiempo de lectura\" \/>\n\t<meta name=\"twitter:data1\" content=\"8 minutos\" \/>\n<script type=\"application\/ld+json\" class=\"yoast-schema-graph\">{\"@context\":\"https:\\\/\\\/schema.org\",\"@graph\":[{\"@type\":\"WebPage\",\"@id\":\"https:\\\/\\\/skichaletandorra.com\\\/legal-notice\\\/\",\"url\":\"https:\\\/\\\/skichaletandorra.com\\\/legal-notice\\\/\",\"name\":\"Legal Notice - Ski Chalet Andorra\",\"isPartOf\":{\"@id\":\"https:\\\/\\\/skichaletandorra.com\\\/#website\"},\"datePublished\":\"2024-12-03T21:39:16+00:00\",\"dateModified\":\"2025-06-24T08:15:20+00:00\",\"description\":\"We are SKI CHALET ANDORRA and we provide holidays and holiday services in Soldeu, Andorra encompassing both winter and summer activities.\",\"breadcrumb\":{\"@id\":\"https:\\\/\\\/skichaletandorra.com\\\/legal-notice\\\/#breadcrumb\"},\"inLanguage\":\"es\",\"potentialAction\":[{\"@type\":\"ReadAction\",\"target\":[\"https:\\\/\\\/skichaletandorra.com\\\/legal-notice\\\/\"]}]},{\"@type\":\"BreadcrumbList\",\"@id\":\"https:\\\/\\\/skichaletandorra.com\\\/legal-notice\\\/#breadcrumb\",\"itemListElement\":[{\"@type\":\"ListItem\",\"position\":1,\"name\":\"Home\",\"item\":\"https:\\\/\\\/skichaletandorra.com\\\/\"},{\"@type\":\"ListItem\",\"position\":2,\"name\":\"Legal Notice\"}]},{\"@type\":\"WebSite\",\"@id\":\"https:\\\/\\\/skichaletandorra.com\\\/#website\",\"url\":\"https:\\\/\\\/skichaletandorra.com\\\/\",\"name\":\"Ski Chalet Andorra\",\"description\":\"\",\"publisher\":{\"@id\":\"https:\\\/\\\/skichaletandorra.com\\\/#organization\"},\"potentialAction\":[{\"@type\":\"SearchAction\",\"target\":{\"@type\":\"EntryPoint\",\"urlTemplate\":\"https:\\\/\\\/skichaletandorra.com\\\/?s={search_term_string}\"},\"query-input\":{\"@type\":\"PropertyValueSpecification\",\"valueRequired\":true,\"valueName\":\"search_term_string\"}}],\"inLanguage\":\"es\"},{\"@type\":\"Organization\",\"@id\":\"https:\\\/\\\/skichaletandorra.com\\\/#organization\",\"name\":\"Ski Chalet Andorra\",\"url\":\"https:\\\/\\\/skichaletandorra.com\\\/\",\"logo\":{\"@type\":\"ImageObject\",\"inLanguage\":\"es\",\"@id\":\"https:\\\/\\\/skichaletandorra.com\\\/#\\\/schema\\\/logo\\\/image\\\/\",\"url\":\"https:\\\/\\\/skichaletandorra.com\\\/wp-content\\\/uploads\\\/2024\\\/06\\\/Screenshot-74.png\",\"contentUrl\":\"https:\\\/\\\/skichaletandorra.com\\\/wp-content\\\/uploads\\\/2024\\\/06\\\/Screenshot-74.png\",\"width\":745,\"height\":697,\"caption\":\"Ski Chalet Andorra\"},\"image\":{\"@id\":\"https:\\\/\\\/skichaletandorra.com\\\/#\\\/schema\\\/logo\\\/image\\\/\"}}]}<\/script>\n<!-- \/ Yoast SEO plugin. -->","yoast_head_json":{"title":"Aviso legal - Ski Chalet Andorra","description":"Somos SKI CHALET ANDORRA y ofrecemos vacaciones y servicios vacacionales en Soldeu, Andorra abarcando tanto actividades de invierno como de verano.","robots":{"index":"index","follow":"follow","max-snippet":"max-snippet:-1","max-image-preview":"max-image-preview:large","max-video-preview":"max-video-preview:-1"},"canonical":"https:\/\/skichaletandorra.com\/es\/legal-notice\/","og_locale":"es_ES","og_type":"article","og_title":"Legal Notice - Ski Chalet Andorra","og_description":"We are SKI CHALET ANDORRA and we provide holidays and holiday services in Soldeu, Andorra encompassing both winter and summer activities.","og_url":"https:\/\/skichaletandorra.com\/es\/legal-notice\/","og_site_name":"Ski Chalet Andorra","article_modified_time":"2025-06-24T08:15:20+00:00","twitter_card":"summary_large_image","twitter_misc":{"Tiempo de lectura":"8 minutos"},"schema":{"@context":"https:\/\/schema.org","@graph":[{"@type":"WebPage","@id":"https:\/\/skichaletandorra.com\/legal-notice\/","url":"https:\/\/skichaletandorra.com\/legal-notice\/","name":"Aviso legal - Ski Chalet Andorra","isPartOf":{"@id":"https:\/\/skichaletandorra.com\/#website"},"datePublished":"2024-12-03T21:39:16+00:00","dateModified":"2025-06-24T08:15:20+00:00","description":"Somos SKI CHALET ANDORRA y ofrecemos vacaciones y servicios vacacionales en Soldeu, Andorra abarcando tanto actividades de invierno como de verano.","breadcrumb":{"@id":"https:\/\/skichaletandorra.com\/legal-notice\/#breadcrumb"},"inLanguage":"es","potentialAction":[{"@type":"ReadAction","target":["https:\/\/skichaletandorra.com\/legal-notice\/"]}]},{"@type":"BreadcrumbList","@id":"https:\/\/skichaletandorra.com\/legal-notice\/#breadcrumb","itemListElement":[{"@type":"ListItem","position":1,"name":"Home","item":"https:\/\/skichaletandorra.com\/"},{"@type":"ListItem","position":2,"name":"Legal Notice"}]},{"@type":"WebSite","@id":"https:\/\/skichaletandorra.com\/#website","url":"https:\/\/skichaletandorra.com\/","name":"Ski Chalet Andorra","description":"","publisher":{"@id":"https:\/\/skichaletandorra.com\/#organization"},"potentialAction":[{"@type":"SearchAction","target":{"@type":"EntryPoint","urlTemplate":"https:\/\/skichaletandorra.com\/?s={search_term_string}"},"query-input":{"@type":"PropertyValueSpecification","valueRequired":true,"valueName":"search_term_string"}}],"inLanguage":"es"},{"@type":"Organization","@id":"https:\/\/skichaletandorra.com\/#organization","name":"Ski Chalet Andorra","url":"https:\/\/skichaletandorra.com\/","logo":{"@type":"ImageObject","inLanguage":"es","@id":"https:\/\/skichaletandorra.com\/#\/schema\/logo\/image\/","url":"https:\/\/skichaletandorra.com\/wp-content\/uploads\/2024\/06\/Screenshot-74.png","contentUrl":"https:\/\/skichaletandorra.com\/wp-content\/uploads\/2024\/06\/Screenshot-74.png","width":745,"height":697,"caption":"Ski Chalet Andorra"},"image":{"@id":"https:\/\/skichaletandorra.com\/#\/schema\/logo\/image\/"}}]}},"_links":{"self":[{"href":"https:\/\/skichaletandorra.com\/es\/wp-json\/wp\/v2\/pages\/8215","targetHints":{"allow":["GET"]}}],"collection":[{"href":"https:\/\/skichaletandorra.com\/es\/wp-json\/wp\/v2\/pages"}],"about":[{"href":"https:\/\/skichaletandorra.com\/es\/wp-json\/wp\/v2\/types\/page"}],"author":[{"embeddable":true,"href":"https:\/\/skichaletandorra.com\/es\/wp-json\/wp\/v2\/users\/1"}],"replies":[{"embeddable":true,"href":"https:\/\/skichaletandorra.com\/es\/wp-json\/wp\/v2\/comments?post=8215"}],"version-history":[{"count":3,"href":"https:\/\/skichaletandorra.com\/es\/wp-json\/wp\/v2\/pages\/8215\/revisions"}],"predecessor-version":[{"id":9656,"href":"https:\/\/skichaletandorra.com\/es\/wp-json\/wp\/v2\/pages\/8215\/revisions\/9656"}],"wp:attachment":[{"href":"https:\/\/skichaletandorra.com\/es\/wp-json\/wp\/v2\/media?parent=8215"}],"curies":[{"name":"wp","href":"https:\/\/api.w.org\/{rel}","templated":true}]}}