{"id":8061,"date":"2024-12-03T21:50:55","date_gmt":"2024-12-03T21:50:55","guid":{"rendered":"https:\/\/skichaletandorra.com\/?page_id=8061"},"modified":"2025-06-12T10:40:49","modified_gmt":"2025-06-12T10:40:49","slug":"terms-conditions","status":"publish","type":"page","link":"https:\/\/skichaletandorra.com\/fr\/terms-conditions\/","title":{"rendered":"Conditions g\u00e9n\u00e9rales d'utilisation"},"content":{"rendered":"<div data-elementor-type=\"wp-page\" data-elementor-id=\"8061\" class=\"elementor elementor-8061\" data-elementor-post-type=\"page\">\n\t\t\t\t<div class=\"elementor-element elementor-element-626ddfb8 e-flex e-con-boxed e-con e-parent\" data-id=\"626ddfb8\" data-element_type=\"container\" data-e-type=\"container\" data-settings=\"{&quot;background_background&quot;:&quot;classic&quot;}\">\n\t\t\t\t\t<div class=\"e-con-inner\">\n\t\t<div class=\"elementor-element elementor-element-56ce44ec e-con-full e-flex e-con e-child\" data-id=\"56ce44ec\" data-element_type=\"container\" data-e-type=\"container\">\n\t\t\t\t<\/div>\n\t\t\t\t\t<\/div>\n\t\t\t\t<\/div>\n\t\t<div class=\"elementor-element elementor-element-5c9b6c0e e-flex e-con-boxed e-con e-parent\" data-id=\"5c9b6c0e\" data-element_type=\"container\" data-e-type=\"container\" data-settings=\"{&quot;background_background&quot;:&quot;classic&quot;}\">\n\t\t\t\t\t<div class=\"e-con-inner\">\n\t\t<div class=\"elementor-element elementor-element-39e934c7 e-con-full e-flex e-con e-child\" data-id=\"39e934c7\" data-element_type=\"container\" data-e-type=\"container\">\n\t\t\t\t<div class=\"elementor-element elementor-element-3dad6b0c elementor-widget elementor-widget-heading\" data-id=\"3dad6b0c\" data-element_type=\"widget\" data-e-type=\"widget\" data-widget_type=\"heading.default\">\n\t\t\t\t<div class=\"elementor-widget-container\">\n\t\t\t\t\t<h2 class=\"elementor-heading-title elementor-size-default\">Conditions g\u00e9n\u00e9rales d'utilisation<\/h2>\t\t\t\t<\/div>\n\t\t\t\t<\/div>\n\t\t\t\t<div class=\"elementor-element elementor-element-14f61c3 elementor-widget elementor-widget-text-editor\" data-id=\"14f61c3\" data-element_type=\"widget\" data-e-type=\"widget\" data-widget_type=\"text-editor.default\">\n\t\t\t\t<div class=\"elementor-widget-container\">\n\t\t\t\t\t\t\t\t\t<div><p><strong>Pour la location de<\/strong><\/p><\/div><div><p><strong>Luxury Treeline Resience Xalet Hort de Popaire, Piso 1.2, Cami Marrades del Piol, Soldeu, AD100.<\/strong><\/p><\/div><div><p><strong>Luxury Alpine Residence Xalet Hort de Popaire, Piso PB, Cami Marrades del Piol, Soldeu, AD100.<\/strong><\/p><\/div><div><p><strong>Luxury Snowpeak Residence Xalet Hort de Popaire, Piso 2, Cami Marrades del Piol, Soldeu, AD100.<\/strong><\/p><\/div><div><p><strong>Luxury Summit Penthouse Xalet Hort de Popaire, Piso 4, Cami Marrades del Piol, Soldeu, AD100.<\/strong><\/p><\/div><div><p>Je m'engage \u00e0 fournir une copie du passeport ou de la carte d'identit\u00e9 de tous les h\u00f4tes h\u00e9berg\u00e9s, dans le cadre de la proc\u00e9dure d'inscription, afin de respecter la loi andorrane sur l'h\u00e9bergement touristique.<\/p><\/div><div><p>Je reconnais qu'il s'agit d'une zone non-fumeur, sauf sur le balcon, et je suis responsable de veiller \u00e0 ce que les m\u00e9gots de cigarettes ne soient pas jet\u00e9s hors du b\u00e2timent et \u00e0 ce qu'ils soient jet\u00e9s en toute s\u00e9curit\u00e9.<\/p><\/div><div><p>Je reconnais que l'appartement est situ\u00e9 dans un immeuble r\u00e9sidentiel et j'accepte que mon groupe respecte les r\u00e8gles \u00e9tablies par la communaut\u00e9 locale.<\/p><\/div><div><p>Je reconnais qu'il existe d'autres instructions et r\u00e8gles dans le dossier d'instructions disponible dans l'appartement, ou si j'ai besoin d'aide, je peux contacter un repr\u00e9sentant de la soci\u00e9t\u00e9.<\/p><\/div><div><p>Je reconnais que les couches, les lingettes humides et les produits d'hygi\u00e8ne f\u00e9minine doivent \u00eatre jet\u00e9s dans la poubelle ordinaire, et non dans les toilettes, afin d'\u00e9viter d'\u00e9ventuels probl\u00e8mes d'\u00e9vacuation des eaux us\u00e9es et une p\u00e9nalit\u00e9 de 500 euros.<\/p><\/div><div><p>Je reconnais et accepte que toute perte de cl\u00e9 entra\u00eene un changement de serrure et un suppl\u00e9ment de 300 \u20ac.<\/p><\/div><div><p>Je m'engage \u00e0 demander l'autorisation \u00e0 un repr\u00e9sentant de Ski Chalet Andorra pour d\u00e9placer les meubles.<\/p><\/div><div><p>Je suis d'accord pour que nous utilisions de mani\u00e8re responsable tout ce qui est disponible dans l'appartement et que nous le remettions \u00e0 l'endroit o\u00f9 nous l'avons trouv\u00e9, dans le m\u00eame \u00e9tat qu'avant.<\/p><\/div><div><p>Je reconnais et j'accepte que si quelque chose est endommag\u00e9 par moi ou par un membre de mon groupe, le remboursement du d\u00e9p\u00f4t de garantie sera ajust\u00e9 en cons\u00e9quence.<\/p><\/div><div><p>Je reconnais que la signalisation et les sorties d'urgence m'ont \u00e9t\u00e9 expliqu\u00e9es.<\/p><\/div><div><p>Je reconnais et accepte que nous devons informer les propri\u00e9taires de tout animal domestique amen\u00e9 dans l'appartement et d'une taxe de nettoyage de 100 euros.<\/p><\/div><div><p>Je reconnais et accepte que les verres ne doivent pas \u00eatre apport\u00e9s dans les chambres et les jacuzzis, afin d'\u00e9viter les blessures dues aux bris de verre, et que des gobelets en plastique sont fournis pour l'utilisation dans ces zones.<\/p><\/div><div><p>Je reconnais et j'accepte que le jacuzzi soit ferm\u00e9 et s\u00e9curis\u00e9 lorsqu'il n'est pas utilis\u00e9.<\/p><\/div><div><p>Je reconnais et accepte que l'\u00e9quipement de ski ne soit pas stock\u00e9 dans l'appartement.<\/p><\/div><div><p>Je reconnais et accepte que Ski Chalet Andorra ne soit pas responsable des blessures, pertes ou dommages subis par les membres de mon groupe pendant la dur\u00e9e de mon s\u00e9jour \u00e0 Ski Chalet Andorra en raison d'une n\u00e9gligence de notre part.<\/p><\/div><div><p>Je reconnais et j'accepte que si quelque chose ne fonctionne pas, j'en informerai imm\u00e9diatement l'entreprise.<\/p><\/div><div><p>Je reconnais et accepte que l'heure de d\u00e9part soit fix\u00e9e \u00e0 10 heures au plus tard le jour du d\u00e9part et que notre groupe et nos effets personnels soient sortis de l'appartement \u00e0 cette heure-l\u00e0, que nos d\u00e9chets soient jet\u00e9s dans les poubelles situ\u00e9es \u00e0 l'ext\u00e9rieur du b\u00e2timent et que la vaisselle utilis\u00e9e soit plac\u00e9e dans le lave-vaisselle avant de partir.<\/p><\/div><div><p>Paiement 30% d\u00fb au moment de la r\u00e9servation. Le solde est d\u00fb 60 jours avant l'arriv\u00e9e.<\/p><\/div><div><p>Politique d'annulation 95% des paiements anticip\u00e9s remboursables en cas d'annulation 90 jours avant l'arriv\u00e9e ou plus t\u00f4t. 0% remboursable en cas d'annulation apr\u00e8s.<\/p><\/div><div><p>D\u00e9p\u00f4t de garantie Une pr\u00e9-autorisation de 1000,00 EUR est retenue 1 jour(s) avant l'arriv\u00e9e et annul\u00e9e 5 jours apr\u00e8s le d\u00e9part.<\/p><\/div><div><p>L'arriv\u00e9e \u00e0 la propri\u00e9t\u00e9 se fait \u00e0 16h00.<\/p><\/div><div><p>Le d\u00e9part de la propri\u00e9t\u00e9 est fix\u00e9 \u00e0 10h00<\/p><\/div>\t\t\t\t\t\t\t\t<\/div>\n\t\t\t\t<\/div>\n\t\t\t\t<\/div>\n\t\t\t\t\t<\/div>\n\t\t\t\t<\/div>\n\t\t\t\t<\/div>","protected":false},"excerpt":{"rendered":"<p>Terms &amp; Conditions For the Rental of Luxury Treeline Resience Xalet Hort de Popaire, Piso 1.2, Cami Marrades del Piol, Soldeu, AD100. Luxury Alpine Residence Xalet Hort de Popaire, Piso PB, Cami Marrades del Piol, Soldeu, AD100. Luxury Snowpeak Residence Xalet Hort de Popaire, Piso 2, Cami Marrades del Piol, Soldeu, AD100. Luxury Summit Penthouse [&hellip;]<\/p>\n","protected":false},"author":1,"featured_media":0,"parent":0,"menu_order":0,"comment_status":"closed","ping_status":"closed","template":"","meta":{"footnotes":""},"class_list":["post-8061","page","type-page","status-publish","hentry"],"yoast_head":"<!-- This site is optimized with the Yoast SEO plugin v27.4 - https:\/\/yoast.com\/product\/yoast-seo-wordpress\/ -->\n<title>Terms &amp; Conditions - Ski Chalet Andorra<\/title>\n<meta name=\"description\" content=\"We are SKI CHALET ANDORRA and we provide holidays and holiday services in Soldeu, Andorra encompassing both winter and summer activities.\" \/>\n<meta name=\"robots\" content=\"index, follow, max-snippet:-1, max-image-preview:large, max-video-preview:-1\" \/>\n<link rel=\"canonical\" href=\"https:\/\/skichaletandorra.com\/fr\/terms-conditions\/\" \/>\n<meta property=\"og:locale\" content=\"fr_FR\" \/>\n<meta property=\"og:type\" content=\"article\" \/>\n<meta property=\"og:title\" content=\"Terms &amp; Conditions - Ski Chalet Andorra\" \/>\n<meta property=\"og:description\" content=\"We are SKI CHALET ANDORRA and we provide holidays and holiday services in Soldeu, Andorra encompassing both winter and summer activities.\" \/>\n<meta property=\"og:url\" content=\"https:\/\/skichaletandorra.com\/fr\/terms-conditions\/\" \/>\n<meta property=\"og:site_name\" content=\"Ski Chalet Andorra\" \/>\n<meta property=\"article:modified_time\" content=\"2025-06-12T10:40:49+00:00\" \/>\n<meta name=\"twitter:card\" content=\"summary_large_image\" \/>\n<meta name=\"twitter:label1\" content=\"Dur\u00e9e de lecture estim\u00e9e\" \/>\n\t<meta name=\"twitter:data1\" content=\"3 minutes\" \/>\n<script type=\"application\/ld+json\" class=\"yoast-schema-graph\">{\"@context\":\"https:\\\/\\\/schema.org\",\"@graph\":[{\"@type\":\"WebPage\",\"@id\":\"https:\\\/\\\/skichaletandorra.com\\\/terms-conditions\\\/\",\"url\":\"https:\\\/\\\/skichaletandorra.com\\\/terms-conditions\\\/\",\"name\":\"Terms & Conditions - Ski Chalet Andorra\",\"isPartOf\":{\"@id\":\"https:\\\/\\\/skichaletandorra.com\\\/#website\"},\"datePublished\":\"2024-12-03T21:50:55+00:00\",\"dateModified\":\"2025-06-12T10:40:49+00:00\",\"description\":\"We are SKI CHALET ANDORRA and we provide holidays and holiday services in Soldeu, Andorra encompassing both winter and summer activities.\",\"breadcrumb\":{\"@id\":\"https:\\\/\\\/skichaletandorra.com\\\/terms-conditions\\\/#breadcrumb\"},\"inLanguage\":\"fr-FR\",\"potentialAction\":[{\"@type\":\"ReadAction\",\"target\":[\"https:\\\/\\\/skichaletandorra.com\\\/terms-conditions\\\/\"]}]},{\"@type\":\"BreadcrumbList\",\"@id\":\"https:\\\/\\\/skichaletandorra.com\\\/terms-conditions\\\/#breadcrumb\",\"itemListElement\":[{\"@type\":\"ListItem\",\"position\":1,\"name\":\"Home\",\"item\":\"https:\\\/\\\/skichaletandorra.com\\\/\"},{\"@type\":\"ListItem\",\"position\":2,\"name\":\"Terms &#038; Conditions\"}]},{\"@type\":\"WebSite\",\"@id\":\"https:\\\/\\\/skichaletandorra.com\\\/#website\",\"url\":\"https:\\\/\\\/skichaletandorra.com\\\/\",\"name\":\"Ski Chalet Andorra\",\"description\":\"\",\"publisher\":{\"@id\":\"https:\\\/\\\/skichaletandorra.com\\\/#organization\"},\"potentialAction\":[{\"@type\":\"SearchAction\",\"target\":{\"@type\":\"EntryPoint\",\"urlTemplate\":\"https:\\\/\\\/skichaletandorra.com\\\/?s={search_term_string}\"},\"query-input\":{\"@type\":\"PropertyValueSpecification\",\"valueRequired\":true,\"valueName\":\"search_term_string\"}}],\"inLanguage\":\"fr-FR\"},{\"@type\":\"Organization\",\"@id\":\"https:\\\/\\\/skichaletandorra.com\\\/#organization\",\"name\":\"Ski Chalet Andorra\",\"url\":\"https:\\\/\\\/skichaletandorra.com\\\/\",\"logo\":{\"@type\":\"ImageObject\",\"inLanguage\":\"fr-FR\",\"@id\":\"https:\\\/\\\/skichaletandorra.com\\\/#\\\/schema\\\/logo\\\/image\\\/\",\"url\":\"https:\\\/\\\/skichaletandorra.com\\\/wp-content\\\/uploads\\\/2024\\\/06\\\/Screenshot-74.png\",\"contentUrl\":\"https:\\\/\\\/skichaletandorra.com\\\/wp-content\\\/uploads\\\/2024\\\/06\\\/Screenshot-74.png\",\"width\":745,\"height\":697,\"caption\":\"Ski Chalet Andorra\"},\"image\":{\"@id\":\"https:\\\/\\\/skichaletandorra.com\\\/#\\\/schema\\\/logo\\\/image\\\/\"}}]}<\/script>\n<!-- \/ Yoast SEO plugin. -->","yoast_head_json":{"title":"Conditions g\u00e9n\u00e9rales - Ski Chalet Andorra","description":"Nous sommes SKI CHALET ANDORRA et nous proposons des vacances et des services de vacances \u00e0 Soldeu, en Andorre, avec des activit\u00e9s d'hiver et d'\u00e9t\u00e9.","robots":{"index":"index","follow":"follow","max-snippet":"max-snippet:-1","max-image-preview":"max-image-preview:large","max-video-preview":"max-video-preview:-1"},"canonical":"https:\/\/skichaletandorra.com\/fr\/terms-conditions\/","og_locale":"fr_FR","og_type":"article","og_title":"Terms & Conditions - Ski Chalet Andorra","og_description":"We are SKI CHALET ANDORRA and we provide holidays and holiday services in Soldeu, Andorra encompassing both winter and summer activities.","og_url":"https:\/\/skichaletandorra.com\/fr\/terms-conditions\/","og_site_name":"Ski Chalet Andorra","article_modified_time":"2025-06-12T10:40:49+00:00","twitter_card":"summary_large_image","twitter_misc":{"Dur\u00e9e de lecture estim\u00e9e":"3 minutes"},"schema":{"@context":"https:\/\/schema.org","@graph":[{"@type":"WebPage","@id":"https:\/\/skichaletandorra.com\/terms-conditions\/","url":"https:\/\/skichaletandorra.com\/terms-conditions\/","name":"Conditions g\u00e9n\u00e9rales - Ski Chalet Andorra","isPartOf":{"@id":"https:\/\/skichaletandorra.com\/#website"},"datePublished":"2024-12-03T21:50:55+00:00","dateModified":"2025-06-12T10:40:49+00:00","description":"Nous sommes SKI CHALET ANDORRA et nous proposons des vacances et des services de vacances \u00e0 Soldeu, en Andorre, avec des activit\u00e9s d'hiver et d'\u00e9t\u00e9.","breadcrumb":{"@id":"https:\/\/skichaletandorra.com\/terms-conditions\/#breadcrumb"},"inLanguage":"fr-FR","potentialAction":[{"@type":"ReadAction","target":["https:\/\/skichaletandorra.com\/terms-conditions\/"]}]},{"@type":"BreadcrumbList","@id":"https:\/\/skichaletandorra.com\/terms-conditions\/#breadcrumb","itemListElement":[{"@type":"ListItem","position":1,"name":"Home","item":"https:\/\/skichaletandorra.com\/"},{"@type":"ListItem","position":2,"name":"Terms &#038; Conditions"}]},{"@type":"WebSite","@id":"https:\/\/skichaletandorra.com\/#website","url":"https:\/\/skichaletandorra.com\/","name":"Ski Chalet Andorra","description":"","publisher":{"@id":"https:\/\/skichaletandorra.com\/#organization"},"potentialAction":[{"@type":"SearchAction","target":{"@type":"EntryPoint","urlTemplate":"https:\/\/skichaletandorra.com\/?s={search_term_string}"},"query-input":{"@type":"PropertyValueSpecification","valueRequired":true,"valueName":"search_term_string"}}],"inLanguage":"fr-FR"},{"@type":"Organization","@id":"https:\/\/skichaletandorra.com\/#organization","name":"Ski Chalet Andorra","url":"https:\/\/skichaletandorra.com\/","logo":{"@type":"ImageObject","inLanguage":"fr-FR","@id":"https:\/\/skichaletandorra.com\/#\/schema\/logo\/image\/","url":"https:\/\/skichaletandorra.com\/wp-content\/uploads\/2024\/06\/Screenshot-74.png","contentUrl":"https:\/\/skichaletandorra.com\/wp-content\/uploads\/2024\/06\/Screenshot-74.png","width":745,"height":697,"caption":"Ski Chalet Andorra"},"image":{"@id":"https:\/\/skichaletandorra.com\/#\/schema\/logo\/image\/"}}]}},"_links":{"self":[{"href":"https:\/\/skichaletandorra.com\/fr\/wp-json\/wp\/v2\/pages\/8061","targetHints":{"allow":["GET"]}}],"collection":[{"href":"https:\/\/skichaletandorra.com\/fr\/wp-json\/wp\/v2\/pages"}],"about":[{"href":"https:\/\/skichaletandorra.com\/fr\/wp-json\/wp\/v2\/types\/page"}],"author":[{"embeddable":true,"href":"https:\/\/skichaletandorra.com\/fr\/wp-json\/wp\/v2\/users\/1"}],"replies":[{"embeddable":true,"href":"https:\/\/skichaletandorra.com\/fr\/wp-json\/wp\/v2\/comments?post=8061"}],"version-history":[{"count":0,"href":"https:\/\/skichaletandorra.com\/fr\/wp-json\/wp\/v2\/pages\/8061\/revisions"}],"wp:attachment":[{"href":"https:\/\/skichaletandorra.com\/fr\/wp-json\/wp\/v2\/media?parent=8061"}],"curies":[{"name":"wp","href":"https:\/\/api.w.org\/{rel}","templated":true}]}}