{"id":8215,"date":"2024-12-03T21:39:16","date_gmt":"2024-12-03T21:39:16","guid":{"rendered":"https:\/\/skichaletandorra.com\/?page_id=8215"},"modified":"2025-06-24T08:15:20","modified_gmt":"2025-06-24T08:15:20","slug":"legal-notice","status":"publish","type":"page","link":"https:\/\/skichaletandorra.com\/fr\/legal-notice\/","title":{"rendered":"Avis juridique"},"content":{"rendered":"<div data-elementor-type=\"wp-page\" data-elementor-id=\"8215\" class=\"elementor elementor-8215\" data-elementor-post-type=\"page\">\n\t\t\t\t<div class=\"elementor-element elementor-element-7bb3457d e-flex e-con-boxed e-con e-parent\" data-id=\"7bb3457d\" data-element_type=\"container\" data-e-type=\"container\" data-settings=\"{&quot;background_background&quot;:&quot;classic&quot;}\">\n\t\t\t\t\t<div class=\"e-con-inner\">\n\t\t<div class=\"elementor-element elementor-element-31583e6 e-con-full e-flex e-con e-child\" data-id=\"31583e6\" data-element_type=\"container\" data-e-type=\"container\">\n\t\t\t\t<\/div>\n\t\t\t\t\t<\/div>\n\t\t\t\t<\/div>\n\t\t<div class=\"elementor-element elementor-element-76f0f255 e-flex e-con-boxed e-con e-parent\" data-id=\"76f0f255\" data-element_type=\"container\" data-e-type=\"container\" data-settings=\"{&quot;background_background&quot;:&quot;classic&quot;}\">\n\t\t\t\t\t<div class=\"e-con-inner\">\n\t\t<div class=\"elementor-element elementor-element-78383d3 e-con-full e-flex e-con e-child\" data-id=\"78383d3\" data-element_type=\"container\" data-e-type=\"container\">\n\t\t\t\t<div class=\"elementor-element elementor-element-79f3aeed elementor-widget elementor-widget-heading\" data-id=\"79f3aeed\" data-element_type=\"widget\" data-e-type=\"widget\" data-widget_type=\"heading.default\">\n\t\t\t\t<div class=\"elementor-widget-container\">\n\t\t\t\t\t<h1 class=\"elementor-heading-title elementor-size-default\">Avis juridique <\/h1>\t\t\t\t<\/div>\n\t\t\t\t<\/div>\n\t\t\t\t<div class=\"elementor-element elementor-element-26a5515 elementor-widget elementor-widget-text-editor\" data-id=\"26a5515\" data-element_type=\"widget\" data-e-type=\"widget\" data-widget_type=\"text-editor.default\">\n\t\t\t\t<div class=\"elementor-widget-container\">\n\t\t\t\t\t\t\t\t\t<div class=\"elementor-widget-container\"><div class=\"elementor-text-editor elementor-clearfix elementor-inline-editing\" data-elementor-setting-key=\"editor\" data-elementor-inline-editing-toolbar=\"advanced\"><div class=\"page\" title=\"Page 1\"><div class=\"layoutArea\"><div class=\"column\"><p>Derni\u00e8re mise \u00e0 jour : 1er janvier 2024.<\/p><p>Merci d'avoir visit\u00e9 le site www.skichaletandorra.com.<\/p><p>La pr\u00e9sente clause de non-responsabilit\u00e9 (\"clause de non-responsabilit\u00e9\") constitue un accord juridiquement contraignant entre vous (\"utilisateur\", \"visiteur\", \"vous\" ou \"votre\") et ce site web (\"nous\", \"notre\" ou \"nos\"). Il d\u00e9finit les lignes directrices g\u00e9n\u00e9rales, les divulgations et les conditions d'utilisation du site web www.skichaletandorra.com (\"site web\", \"services\", \"produits\", \"informations\" ou \"contenu\") exploit\u00e9 par www.skichaletandorra.com.<\/p><p>Veuillez lire attentivement cette clause de non-responsabilit\u00e9 avant de continuer \u00e0 utiliser ce site web. N'acc\u00e9dez pas au site et ne l'utilisez pas si vous n'acceptez pas les termes de cette clause de non-responsabilit\u00e9. En utilisant ce site web ou ses services, vous reconnaissez avoir lu attentivement et compris les termes de cette clause de non-responsabilit\u00e9 et vous acceptez d'\u00eatre li\u00e9 par elle.<\/p><p>Clause de non-responsabilit\u00e9<\/p><p>Les informations ou le contenu affich\u00e9s sur ce site web sont la propri\u00e9t\u00e9 intellectuelle de www.skichaletandorra.com. Vous ne pouvez pas r\u00e9utiliser, republier ou r\u00e9imprimer ces informations ou ce contenu sans notre accord.<\/p><p>Les informations ou le contenu de ce site sont publi\u00e9s en toute bonne foi et uniquement \u00e0 des fins d'information g\u00e9n\u00e9rale et d'\u00e9ducation. Ils ne sont en aucun cas destin\u00e9s \u00e0 se substituer \u00e0 des conseils professionnels. Notre site web est fourni \"en l'\u00e9tat\" et www.skichaletandorra.com ne fait aucune d\u00e9claration ni ne donne aucune garantie, de quelque nature ou sous quelque forme que ce soit, expresse ou implicite, quant \u00e0 l'exhaustivit\u00e9, l'actualit\u00e9, la fiabilit\u00e9, la disponibilit\u00e9, la validit\u00e9, l'ad\u00e9quation et l'exactitude, ni ne garantit qu'il n'y aura pas de pertes, d'erreurs ou d'omissions en ce qui concerne les informations ou le contenu de ce site web. Toute action entreprise sur la base des informations ou du contenu fournis sur ce site web www.skichaletandorra.com est strictement \u00e0 vos risques et p\u00e9rils.<\/p><p>Par cons\u00e9quent, www.skichaletandorra.com, ses partenaires, ses employ\u00e9s ou ses agents ne peuvent \u00eatre tenus responsables de toute perte ou de tout dommage r\u00e9sultant de l'utilisation, de la confiance et de la r\u00e9f\u00e9rence \u00e0 notre site web, y compris, mais sans s'y limiter, toute perte ou tout dommage sp\u00e9cial ou accidentel, direct ou indirect, punitif ou cons\u00e9cutif, quel qu'il soit.<\/p><p>\u00c0 www.skichaletandorra.com, nous mettons tout en \u0153uvre pour assurer le bon fonctionnement du site web. Toutefois, nous n'assumons aucune responsabilit\u00e9 l\u00e9gale et ne serons pas responsables si le site web est temporairement indisponible ou inaccessible en raison de d\u00e9faillances techniques ind\u00e9pendantes de notre volont\u00e9.<\/p><\/div><\/div><\/div><div class=\"page\" title=\"Page 2\"><div class=\"layoutArea\"><div class=\"column\"><p>Liens externes Disclaimer<\/p><p>Sur notre site web, vous pouvez suivre des liens pour visiter des sites web externes ou du contenu provenant de sites web de tiers qui ne sont en aucun cas affili\u00e9s \u00e0 www.skichaletandorra.com. Bien que nous nous efforcions de ne fournir que des liens de qualit\u00e9 vers des sites web pertinents et \u00e9thiques, nous n'avons aucun contr\u00f4le sur la nature, le contenu, l'exactitude, l'ad\u00e9quation, la fiabilit\u00e9, la validit\u00e9 et la disponibilit\u00e9 de ces sites. Par cons\u00e9quent, l'inclusion de ces liens vers d'autres sites web n'implique en aucun cas une recommandation ou une approbation des services ou produits contenus dans ces sites. En outre, les propri\u00e9taires et le contenu des sites peuvent changer sans pr\u00e9avis et cela peut se produire avant que nous ayons la possibilit\u00e9 de supprimer les liens bris\u00e9s ou nuisibles.<\/p><p>Clause de non-responsabilit\u00e9 professionnelle<\/p><p>www.skichaletandorra.com ne contient pas de conseils professionnels. Les informations et le contenu de ce site sont fournis \u00e0 titre d'information g\u00e9n\u00e9rale et \u00e0 des fins \u00e9ducatives uniquement et ne remplacent pas les conseils d'un professionnel.<\/p><p>Nous vous recommandons \u00e9galement de consulter les professionnels appropri\u00e9s avant de prendre des mesures sur la base de ces informations, car l'utilisation ou la confiance accord\u00e9e aux informations contenues dans ce site se fait uniquement \u00e0 vos propres risques.<\/p><p>Avis de non-responsabilit\u00e9 des affili\u00e9s<\/p><p>Notre site web peut contenir des liens vers des sites affili\u00e9s, et nous pouvons recevoir une commission d'affiliation pour tout achat effectu\u00e9 par vous sur ces sites en utilisant ces liens d'affiliation.<\/p><p>Sachez que d'autres sites peuvent avoir des politiques de confidentialit\u00e9 diff\u00e9rentes et des conditions qui \u00e9chappent \u00e0 notre contr\u00f4le lorsque vous quittez notre site web. www.skichaletandorra.com ne surveille pas et n'enqu\u00eate pas sur les transactions entre vous et ces tiers. Nous vous recommandons de v\u00e9rifier les politiques de confidentialit\u00e9 de ces sites et leurs conditions g\u00e9n\u00e9rales avant de t\u00e9l\u00e9charger du contenu ou de vous engager dans une activit\u00e9 ou une transaction.<\/p><p>T\u00e9moignage Disclaimer<\/p><p>www.skichaletandorra.com peut contenir des t\u00e9moignages d'utilisateurs de services ou de produits qui refl\u00e8tent les exp\u00e9riences et les opinions de ces utilisateurs. Toutefois, ces exp\u00e9riences, opinions et r\u00e9flexions sont personnelles \u00e0 ces utilisateurs et ne repr\u00e9sentent pas n\u00e9cessairement tous les autres utilisateurs de nos services ou produits. Les t\u00e9moignages sont affich\u00e9s mot pour mot, \u00e0 l'exception des fautes de grammaire ou de frappe, et sont tronqu\u00e9s s'ils contiennent des informations superflues. Veuillez noter que les points de vue ou les opinions exprim\u00e9s dans ces t\u00e9moignages appartiennent \u00e0 l'utilisateur et ne repr\u00e9sentent pas les points de vue de www.skichaletandorra.com. Par cons\u00e9quent, les t\u00e9moignages ne doivent pas \u00eatre interpr\u00e9t\u00e9s comme repr\u00e9sentant l'ad\u00e9quation, la fiabilit\u00e9, la validit\u00e9 et la disponibilit\u00e9 de ces services ou produits.<\/p><\/div><\/div><\/div><div class=\"page\" title=\"Page 3\"><div class=\"layoutArea\"><div class=\"column\"><p>Modifications et amendements<\/p><p>Nous nous r\u00e9servons le droit exclusif de changer ou de modifier cette politique et ses conditions \u00e0 tout moment en publiant la version mise \u00e0 jour sur www.skichaletandorra.com. Une notification de ces changements sera rapidement affich\u00e9e sur ce site si nous mettons \u00e0 jour, amendons ou modifions ce document. La poursuite de l'utilisation de ce site web et de ses services apr\u00e8s de telles modifications sera interpr\u00e9t\u00e9e comme un consentement \u00e0 ces changements. Toutefois, nous vous conseillons de consulter fr\u00e9quemment cette page pour vous assurer que vous \u00eates au courant des derniers changements.<\/p><p>Consentement<\/p><p>En continuant \u00e0 utiliser ce site web, vous reconnaissez avoir lu la pr\u00e9sente clause de non-responsabilit\u00e9 dans son int\u00e9gralit\u00e9, vous y consentez par la pr\u00e9sente et vous en acceptez toutes les conditions. Si vous n'acceptez pas d'\u00eatre li\u00e9 par les termes de cette clause de non-responsabilit\u00e9, vous n'\u00eates pas autoris\u00e9 \u00e0 continuer d'utiliser ou d'acc\u00e9der \u00e0 ce site et \u00e0 ses services.<\/p><p>Contactez nous<\/p><p>Si vous avez besoin d'informations ou si vous avez des questions concernant la clause de non-responsabilit\u00e9 de ce site, n'h\u00e9sitez pas \u00e0 nous contacter par courrier \u00e9lectronique \u00e0 l'adresse info@skichaletandorra.com.<\/p><\/div><\/div><\/div><\/div><\/div>\t\t\t\t\t\t\t\t<\/div>\n\t\t\t\t<\/div>\n\t\t\t\t<\/div>\n\t\t\t\t\t<\/div>\n\t\t\t\t<\/div>\n\t\t\t\t<\/div>","protected":false},"excerpt":{"rendered":"<p>Legal Notice Last updated: 1st Jan 2024. Thank you for visiting www.skichaletandorra.com. This disclaimer (\u201cDisclaimer\u201d) is a legally binding agreement between you (\u201cuser,\u201d \u201cvisitor,\u201d \u201cyou\u201d or \u201cyour\u201d) and this website (\u201cwe,\u201d \u201cour,\u201d or \u201cus\u201d). It sets forth the general guidelines, disclosures, and terms of your use of this www.skichaletandorra.com website (\u201cwebsite,\u201d \u201cservices,\u201d \u201cproducts,\u201d \u201cinformation,\u201d or [&hellip;]<\/p>\n","protected":false},"author":1,"featured_media":0,"parent":0,"menu_order":0,"comment_status":"closed","ping_status":"closed","template":"","meta":{"footnotes":""},"class_list":["post-8215","page","type-page","status-publish","hentry"],"yoast_head":"<!-- This site is optimized with the Yoast SEO plugin v27.3 - https:\/\/yoast.com\/product\/yoast-seo-wordpress\/ -->\n<title>Legal Notice - Ski Chalet Andorra<\/title>\n<meta name=\"description\" content=\"We are SKI CHALET ANDORRA and we provide holidays and holiday services in Soldeu, Andorra encompassing both winter and summer activities.\" \/>\n<meta name=\"robots\" content=\"index, follow, max-snippet:-1, max-image-preview:large, max-video-preview:-1\" \/>\n<link rel=\"canonical\" href=\"https:\/\/skichaletandorra.com\/fr\/legal-notice\/\" \/>\n<meta property=\"og:locale\" content=\"fr_FR\" \/>\n<meta property=\"og:type\" content=\"article\" \/>\n<meta property=\"og:title\" content=\"Legal Notice - Ski Chalet Andorra\" \/>\n<meta property=\"og:description\" content=\"We are SKI CHALET ANDORRA and we provide holidays and holiday services in Soldeu, Andorra encompassing both winter and summer activities.\" \/>\n<meta property=\"og:url\" content=\"https:\/\/skichaletandorra.com\/fr\/legal-notice\/\" \/>\n<meta property=\"og:site_name\" content=\"Ski Chalet Andorra\" \/>\n<meta property=\"article:modified_time\" content=\"2025-06-24T08:15:20+00:00\" \/>\n<meta name=\"twitter:card\" content=\"summary_large_image\" \/>\n<meta name=\"twitter:label1\" content=\"Dur\u00e9e de lecture estim\u00e9e\" \/>\n\t<meta name=\"twitter:data1\" content=\"8 minutes\" \/>\n<script type=\"application\/ld+json\" class=\"yoast-schema-graph\">{\"@context\":\"https:\\\/\\\/schema.org\",\"@graph\":[{\"@type\":\"WebPage\",\"@id\":\"https:\\\/\\\/skichaletandorra.com\\\/legal-notice\\\/\",\"url\":\"https:\\\/\\\/skichaletandorra.com\\\/legal-notice\\\/\",\"name\":\"Legal Notice - Ski Chalet Andorra\",\"isPartOf\":{\"@id\":\"https:\\\/\\\/skichaletandorra.com\\\/#website\"},\"datePublished\":\"2024-12-03T21:39:16+00:00\",\"dateModified\":\"2025-06-24T08:15:20+00:00\",\"description\":\"We are SKI CHALET ANDORRA and we provide holidays and holiday services in Soldeu, Andorra encompassing both winter and summer activities.\",\"breadcrumb\":{\"@id\":\"https:\\\/\\\/skichaletandorra.com\\\/legal-notice\\\/#breadcrumb\"},\"inLanguage\":\"fr-FR\",\"potentialAction\":[{\"@type\":\"ReadAction\",\"target\":[\"https:\\\/\\\/skichaletandorra.com\\\/legal-notice\\\/\"]}]},{\"@type\":\"BreadcrumbList\",\"@id\":\"https:\\\/\\\/skichaletandorra.com\\\/legal-notice\\\/#breadcrumb\",\"itemListElement\":[{\"@type\":\"ListItem\",\"position\":1,\"name\":\"Home\",\"item\":\"https:\\\/\\\/skichaletandorra.com\\\/\"},{\"@type\":\"ListItem\",\"position\":2,\"name\":\"Legal Notice\"}]},{\"@type\":\"WebSite\",\"@id\":\"https:\\\/\\\/skichaletandorra.com\\\/#website\",\"url\":\"https:\\\/\\\/skichaletandorra.com\\\/\",\"name\":\"Ski Chalet Andorra\",\"description\":\"\",\"publisher\":{\"@id\":\"https:\\\/\\\/skichaletandorra.com\\\/#organization\"},\"potentialAction\":[{\"@type\":\"SearchAction\",\"target\":{\"@type\":\"EntryPoint\",\"urlTemplate\":\"https:\\\/\\\/skichaletandorra.com\\\/?s={search_term_string}\"},\"query-input\":{\"@type\":\"PropertyValueSpecification\",\"valueRequired\":true,\"valueName\":\"search_term_string\"}}],\"inLanguage\":\"fr-FR\"},{\"@type\":\"Organization\",\"@id\":\"https:\\\/\\\/skichaletandorra.com\\\/#organization\",\"name\":\"Ski Chalet Andorra\",\"url\":\"https:\\\/\\\/skichaletandorra.com\\\/\",\"logo\":{\"@type\":\"ImageObject\",\"inLanguage\":\"fr-FR\",\"@id\":\"https:\\\/\\\/skichaletandorra.com\\\/#\\\/schema\\\/logo\\\/image\\\/\",\"url\":\"https:\\\/\\\/skichaletandorra.com\\\/wp-content\\\/uploads\\\/2024\\\/06\\\/Screenshot-74.png\",\"contentUrl\":\"https:\\\/\\\/skichaletandorra.com\\\/wp-content\\\/uploads\\\/2024\\\/06\\\/Screenshot-74.png\",\"width\":745,\"height\":697,\"caption\":\"Ski Chalet Andorra\"},\"image\":{\"@id\":\"https:\\\/\\\/skichaletandorra.com\\\/#\\\/schema\\\/logo\\\/image\\\/\"}}]}<\/script>\n<!-- \/ Yoast SEO plugin. -->","yoast_head_json":{"title":"Mentions l\u00e9gales - Ski Chalet Andorra","description":"Nous sommes SKI CHALET ANDORRA et nous proposons des vacances et des services de vacances \u00e0 Soldeu, en Andorre, avec des activit\u00e9s d'hiver et d'\u00e9t\u00e9.","robots":{"index":"index","follow":"follow","max-snippet":"max-snippet:-1","max-image-preview":"max-image-preview:large","max-video-preview":"max-video-preview:-1"},"canonical":"https:\/\/skichaletandorra.com\/fr\/legal-notice\/","og_locale":"fr_FR","og_type":"article","og_title":"Legal Notice - Ski Chalet Andorra","og_description":"We are SKI CHALET ANDORRA and we provide holidays and holiday services in Soldeu, Andorra encompassing both winter and summer activities.","og_url":"https:\/\/skichaletandorra.com\/fr\/legal-notice\/","og_site_name":"Ski Chalet Andorra","article_modified_time":"2025-06-24T08:15:20+00:00","twitter_card":"summary_large_image","twitter_misc":{"Dur\u00e9e de lecture estim\u00e9e":"8 minutes"},"schema":{"@context":"https:\/\/schema.org","@graph":[{"@type":"WebPage","@id":"https:\/\/skichaletandorra.com\/legal-notice\/","url":"https:\/\/skichaletandorra.com\/legal-notice\/","name":"Mentions l\u00e9gales - Ski Chalet Andorra","isPartOf":{"@id":"https:\/\/skichaletandorra.com\/#website"},"datePublished":"2024-12-03T21:39:16+00:00","dateModified":"2025-06-24T08:15:20+00:00","description":"Nous sommes SKI CHALET ANDORRA et nous proposons des vacances et des services de vacances \u00e0 Soldeu, en Andorre, avec des activit\u00e9s d'hiver et d'\u00e9t\u00e9.","breadcrumb":{"@id":"https:\/\/skichaletandorra.com\/legal-notice\/#breadcrumb"},"inLanguage":"fr-FR","potentialAction":[{"@type":"ReadAction","target":["https:\/\/skichaletandorra.com\/legal-notice\/"]}]},{"@type":"BreadcrumbList","@id":"https:\/\/skichaletandorra.com\/legal-notice\/#breadcrumb","itemListElement":[{"@type":"ListItem","position":1,"name":"Home","item":"https:\/\/skichaletandorra.com\/"},{"@type":"ListItem","position":2,"name":"Legal Notice"}]},{"@type":"WebSite","@id":"https:\/\/skichaletandorra.com\/#website","url":"https:\/\/skichaletandorra.com\/","name":"Ski Chalet Andorra","description":"","publisher":{"@id":"https:\/\/skichaletandorra.com\/#organization"},"potentialAction":[{"@type":"SearchAction","target":{"@type":"EntryPoint","urlTemplate":"https:\/\/skichaletandorra.com\/?s={search_term_string}"},"query-input":{"@type":"PropertyValueSpecification","valueRequired":true,"valueName":"search_term_string"}}],"inLanguage":"fr-FR"},{"@type":"Organization","@id":"https:\/\/skichaletandorra.com\/#organization","name":"Ski Chalet Andorra","url":"https:\/\/skichaletandorra.com\/","logo":{"@type":"ImageObject","inLanguage":"fr-FR","@id":"https:\/\/skichaletandorra.com\/#\/schema\/logo\/image\/","url":"https:\/\/skichaletandorra.com\/wp-content\/uploads\/2024\/06\/Screenshot-74.png","contentUrl":"https:\/\/skichaletandorra.com\/wp-content\/uploads\/2024\/06\/Screenshot-74.png","width":745,"height":697,"caption":"Ski Chalet Andorra"},"image":{"@id":"https:\/\/skichaletandorra.com\/#\/schema\/logo\/image\/"}}]}},"_links":{"self":[{"href":"https:\/\/skichaletandorra.com\/fr\/wp-json\/wp\/v2\/pages\/8215","targetHints":{"allow":["GET"]}}],"collection":[{"href":"https:\/\/skichaletandorra.com\/fr\/wp-json\/wp\/v2\/pages"}],"about":[{"href":"https:\/\/skichaletandorra.com\/fr\/wp-json\/wp\/v2\/types\/page"}],"author":[{"embeddable":true,"href":"https:\/\/skichaletandorra.com\/fr\/wp-json\/wp\/v2\/users\/1"}],"replies":[{"embeddable":true,"href":"https:\/\/skichaletandorra.com\/fr\/wp-json\/wp\/v2\/comments?post=8215"}],"version-history":[{"count":3,"href":"https:\/\/skichaletandorra.com\/fr\/wp-json\/wp\/v2\/pages\/8215\/revisions"}],"predecessor-version":[{"id":9656,"href":"https:\/\/skichaletandorra.com\/fr\/wp-json\/wp\/v2\/pages\/8215\/revisions\/9656"}],"wp:attachment":[{"href":"https:\/\/skichaletandorra.com\/fr\/wp-json\/wp\/v2\/media?parent=8215"}],"curies":[{"name":"wp","href":"https:\/\/api.w.org\/{rel}","templated":true}]}}